{"id":3220,"date":"2023-09-05T20:38:12","date_gmt":"2023-09-05T20:38:12","guid":{"rendered":"https:\/\/chw.ee\/miksi-chw\/"},"modified":"2023-11-02T08:52:49","modified_gmt":"2023-11-02T08:52:49","slug":"miksi-chw","status":"publish","type":"page","link":"https:\/\/chw.ee\/fi\/miksi-chw\/","title":{"rendered":"Miksi CHW?"},"content":{"rendered":"\t\t<div data-elementor-type=\"wp-post\" data-elementor-id=\"3220\" class=\"elementor elementor-3220 elementor-2034\">\n\t\t\t\t\t\t<section class=\"elementor-section elementor-top-section elementor-element elementor-element-684751f elementor-section-boxed elementor-section-height-default elementor-section-height-default exad-glass-effect-no exad-sticky-section-no\" data-id=\"684751f\" data-element_type=\"section\" data-e-type=\"section\">\n\t\t\t\t\t\t<div class=\"elementor-container elementor-column-gap-default\">\n\t\t\t\t\t<div class=\"elementor-column elementor-col-100 elementor-top-column elementor-element elementor-element-e8a90c3 exad-glass-effect-no exad-sticky-section-no\" data-id=\"e8a90c3\" data-element_type=\"column\" data-e-type=\"column\">\n\t\t\t<div class=\"elementor-widget-wrap elementor-element-populated\">\n\t\t\t\t\t\t<div class=\"elementor-element elementor-element-b23926a exad-sticky-section-no exad-glass-effect-no elementor-widget elementor-widget-shortcode\" data-id=\"b23926a\" data-element_type=\"widget\" data-e-type=\"widget\" data-widget_type=\"shortcode.default\">\n\t\t\t\t<div class=\"elementor-widget-container\">\n\t\t\t\t\t\t\t<div class=\"elementor-shortcode\">\n<\/div>\n\t\t\t\t\t\t<\/div>\n\t\t\t\t<\/div>\n\t\t\t\t\t<\/div>\n\t\t<\/div>\n\t\t\t\t\t<\/div>\n\t\t<\/section>\n\t\t\t\t<section class=\"elementor-section elementor-top-section elementor-element elementor-element-2b045ce elementor-section-boxed elementor-section-height-default elementor-section-height-default exad-glass-effect-no exad-sticky-section-no\" data-id=\"2b045ce\" data-element_type=\"section\" data-e-type=\"section\">\n\t\t\t\t\t\t<div class=\"elementor-container elementor-column-gap-default\">\n\t\t\t\t\t<div class=\"elementor-column elementor-col-100 elementor-top-column elementor-element elementor-element-6f35a69 exad-glass-effect-no exad-sticky-section-no\" data-id=\"6f35a69\" data-element_type=\"column\" data-e-type=\"column\">\n\t\t\t<div class=\"elementor-widget-wrap elementor-element-populated\">\n\t\t\t\t\t\t<div class=\"elementor-element elementor-element-1689261 exad-sticky-section-no exad-glass-effect-no elementor-widget elementor-widget-heading\" data-id=\"1689261\" data-element_type=\"widget\" data-e-type=\"widget\" data-widget_type=\"heading.default\">\n\t\t\t\t<div class=\"elementor-widget-container\">\n\t\t\t\t\t<h2 class=\"elementor-heading-title elementor-size-default\">Miks valita CHW aaltopahvilaatikot?<\/h2>\t\t\t\t<\/div>\n\t\t\t\t<\/div>\n\t\t\t\t\t<\/div>\n\t\t<\/div>\n\t\t\t\t\t<\/div>\n\t\t<\/section>\n\t\t\t\t<section class=\"elementor-section elementor-top-section elementor-element elementor-element-7b67d0e elementor-section-boxed elementor-section-height-default elementor-section-height-default exad-glass-effect-no exad-sticky-section-no\" data-id=\"7b67d0e\" data-element_type=\"section\" data-e-type=\"section\">\n\t\t\t\t\t\t<div class=\"elementor-container elementor-column-gap-default\">\n\t\t\t\t\t<div class=\"elementor-column elementor-col-100 elementor-top-column elementor-element elementor-element-75fbb11 exad-glass-effect-no exad-sticky-section-no\" data-id=\"75fbb11\" data-element_type=\"column\" data-e-type=\"column\">\n\t\t\t<div class=\"elementor-widget-wrap elementor-element-populated\">\n\t\t\t\t\t\t<div class=\"elementor-element elementor-element-eab5b00 exad-sticky-section-no exad-glass-effect-no elementor-widget elementor-widget-text-editor\" data-id=\"eab5b00\" data-element_type=\"widget\" data-e-type=\"widget\" data-widget_type=\"text-editor.default\">\n\t\t\t\t<div class=\"elementor-widget-container\">\n\t\t\t\t\t\t\t\t\t<section data-id=\"bccb59f\" data-element_type=\"section\">\n<div data-id=\"5947fbd\" data-element_type=\"column\">\n<div data-id=\"82afdec\" data-element_type=\"widget\" data-widget_type=\"text-editor.default\">\n<div>\n<h3>1. Suojaamme tuotteitasi jokaisessa vaiheessa<\/h3>\n<p>Tuotteesi turvallisuus on meille kaikkein t\u00e4rkeint\u00e4. CHW aaltopahvilaatikot on valmistettu suojaamaan tuotteitasi jokaisessa vaiheessa. Emme vain tee pakkauksia, vaan luomme varmuuden siit\u00e4, ett\u00e4 asiakkaasi saavat aina t\u00e4ydelliset tuotteet.<\/p>\n<h3>&nbsp;<\/h3>\n<h3>2. Hinnat, jotka sopivat budjettiisi<\/h3>\n<p>Tied\u00e4mme, kuinka t\u00e4rke\u00e4\u00e4 on pit\u00e4\u00e4 kulut kurissa. CHW tarjoaa sinulle edullisia hintoja ilman ett\u00e4 se vaikuttaa pakkauksen&nbsp; laatuun.&nbsp;<\/p>\n<h3>&nbsp;<\/h3>\n<h3>3. Pakkausratkaisut tarpeidesi mukaan<\/h3>\n<p>Laatikkomme on suunniteltu tarkasti sinun tuotteidesi ja tarpeidesi mukaan, varmistaen tehokkaan pakkaamisen ja alhaiset kuljetuskustannukset.&nbsp;<\/p>\n<h3>&nbsp;<\/h3>\n<h3>4. Nopea ja tarkka toimitus, joka antaa sinulle rauhan<\/h3>\n<p>CHW takaa nopeat toimitusajat varmistaakseen sujuvan logistiikkaprosessin. Sinun tyytyv\u00e4isyys on meille eritt\u00e4in t\u00e4rke\u00e4\u00e4.&nbsp;<\/p>\n<h3>&nbsp;<\/h3>\n<h3>5. Ymp\u00e4rist\u00f6yst\u00e4v\u00e4lliset valinnat planeettamme hyv\u00e4ksi<\/h3>\n<p>Me v\u00e4lit\u00e4mme planeetast ja kasutame taaskasutatud ja taaskasutatavaid materjale, et aidata v\u00e4hendada keskkonnam\u00f5ju. Valitsemalla CHW teet hyv\u00e4\u00e4 planeettamme puolesta.<\/p>\n<h3>&nbsp;<\/h3>\n<h3>6. Vahvistamme br\u00e4ndisi identiteetti\u00e4<\/h3>\n<p>CHW aaltolakartongilaatikot auttavat sinua tuomaan br\u00e4ndisi tehokkaasti esille, mahdollistaen sinulle lis\u00e4t\u00e4 pakettiin oman logosi ja viestisi. T\u00e4m\u00e4 auttaa vahvistamaan br\u00e4ndisi n\u00e4kyvyytt\u00e4 ja lis\u00e4\u00e4m\u00e4\u00e4n asiakasuskollisuutta.<\/p>\n<h3>&nbsp;<\/h3>\n<h3>7. Luotettava kumppanisi pakkaamisessa.<\/h3>\n<p>Emme n\u00e4e sinua vain asiakkaana, vaan todellisena kumppanina. Olemme aina valmiita kuulemaan huolesi ja l\u00f6yt\u00e4m\u00e4\u00e4n nopeat ja tehokkaat ratkaisut.<\/p>\n<h3>&nbsp;<\/h3>\n<h3>8. Kokemus, johon voit luottaa<\/h3>\n<p>Vuosikymmenten mittainen kokemuksemme aaltopahvilaatikoiden valmistuksessa auttaa meit\u00e4 l\u00f6yt\u00e4m\u00e4\u00e4n parhaat ratkaisut juuri sinun tarpeisiisi. Sinun tyytyv\u00e4isyys on suurin tunnustuksemme!<\/p>\n<\/div>\n<h3 style=\"text-align: center;\">Valitessaan CHW:n, sijoitat laatuun, mukavuuteen ja luotettavuuteen. Olemme yrityksesi menestyksen salaisuus pakkaamisessa!<\/h3>\n<\/div>\n<\/div>\n<\/section>\t\t\t\t\t\t\t\t<\/div>\n\t\t\t\t<\/div>\n\t\t\t\t\t<\/div>\n\t\t<\/div>\n\t\t\t\t\t<\/div>\n\t\t<\/section>\n\t\t\t\t<\/div>\n\t\t","protected":false},"excerpt":{"rendered":"<p>Miks valita CHW aaltopahvilaatikot? 1. Suojaamme tuotteitasi jokaisessa vaiheessa Tuotteesi turvallisuus on meille kaikkein t\u00e4rkeint\u00e4. CHW aaltopahvilaatikot on valmistettu suojaamaan tuotteitasi jokaisessa vaiheessa. Emme vain tee pakkauksia, vaan luomme varmuuden siit\u00e4, ett\u00e4 asiakkaasi saavat aina t\u00e4ydelliset tuotteet. &nbsp; 2. Hinnat, jotka sopivat budjettiisi Tied\u00e4mme, kuinka t\u00e4rke\u00e4\u00e4 on pit\u00e4\u00e4 kulut kurissa. CHW tarjoaa sinulle edullisia hintoja [&hellip;]<\/p>\n","protected":false},"author":1,"featured_media":0,"parent":0,"menu_order":0,"comment_status":"closed","ping_status":"closed","template":"","meta":{"site-sidebar-layout":"no-sidebar","site-content-layout":"page-builder","ast-site-content-layout":"default","site-content-style":"default","site-sidebar-style":"default","ast-global-header-display":"","ast-banner-title-visibility":"","ast-main-header-display":"","ast-hfb-above-header-display":"","ast-hfb-below-header-display":"","ast-hfb-mobile-header-display":"","site-post-title":"disabled","ast-breadcrumbs-content":"","ast-featured-img":"disabled","footer-sml-layout":"","ast-disable-related-posts":"","theme-transparent-header-meta":"enabled","adv-header-id-meta":"","stick-header-meta":"default","header-above-stick-meta":"","header-main-stick-meta":"","header-below-stick-meta":"","astra-migrate-meta-layouts":"default","ast-page-background-enabled":"default","ast-page-background-meta":{"desktop":{"background-color":"var(--ast-global-color-4)","background-image":"","background-repeat":"repeat","background-position":"center center","background-size":"auto","background-attachment":"scroll","background-type":"","background-media":"","overlay-type":"","overlay-color":"","overlay-opacity":"","overlay-gradient":""},"tablet":{"background-color":"","background-image":"","background-repeat":"repeat","background-position":"center center","background-size":"auto","background-attachment":"scroll","background-type":"","background-media":"","overlay-type":"","overlay-color":"","overlay-opacity":"","overlay-gradient":""},"mobile":{"background-color":"","background-image":"","background-repeat":"repeat","background-position":"center center","background-size":"auto","background-attachment":"scroll","background-type":"","background-media":"","overlay-type":"","overlay-color":"","overlay-opacity":"","overlay-gradient":""}},"ast-content-background-meta":{"desktop":{"background-color":"var(--ast-global-color-5)","background-image":"","background-repeat":"repeat","background-position":"center center","background-size":"auto","background-attachment":"scroll","background-type":"","background-media":"","overlay-type":"","overlay-color":"","overlay-opacity":"","overlay-gradient":""},"tablet":{"background-color":"var(--ast-global-color-5)","background-image":"","background-repeat":"repeat","background-position":"center center","background-size":"auto","background-attachment":"scroll","background-type":"","background-media":"","overlay-type":"","overlay-color":"","overlay-opacity":"","overlay-gradient":""},"mobile":{"background-color":"var(--ast-global-color-5)","background-image":"","background-repeat":"repeat","background-position":"center center","background-size":"auto","background-attachment":"scroll","background-type":"","background-media":"","overlay-type":"","overlay-color":"","overlay-opacity":"","overlay-gradient":""}},"footnotes":""},"class_list":["post-3220","page","type-page","status-publish","hentry"],"yoast_head":"<!-- This site is optimized with the Yoast SEO plugin v27.1.1 - https:\/\/yoast.com\/product\/yoast-seo-wordpress\/ -->\n<title>Miksi CHW? - Lainepapist pakendid &amp; pakkematerjalid\u2503CHW O\u00dc<\/title>\n<meta name=\"robots\" content=\"index, follow, max-snippet:-1, max-image-preview:large, max-video-preview:-1\" \/>\n<link rel=\"canonical\" href=\"https:\/\/chw.ee\/miks-chw\/\" \/>\n<meta property=\"og:locale\" content=\"fi_FI\" \/>\n<meta property=\"og:type\" content=\"article\" \/>\n<meta property=\"og:title\" content=\"Miksi CHW? - Lainepapist pakendid &amp; pakkematerjalid\u2503CHW O\u00dc\" \/>\n<meta property=\"og:description\" content=\"Miks valita CHW aaltopahvilaatikot? 1. Suojaamme tuotteitasi jokaisessa vaiheessa Tuotteesi turvallisuus on meille kaikkein t\u00e4rkeint\u00e4. CHW aaltopahvilaatikot on valmistettu suojaamaan tuotteitasi jokaisessa vaiheessa. Emme vain tee pakkauksia, vaan luomme varmuuden siit\u00e4, ett\u00e4 asiakkaasi saavat aina t\u00e4ydelliset tuotteet. &nbsp; 2. Hinnat, jotka sopivat budjettiisi Tied\u00e4mme, kuinka t\u00e4rke\u00e4\u00e4 on pit\u00e4\u00e4 kulut kurissa. CHW tarjoaa sinulle edullisia hintoja [&hellip;]\" \/>\n<meta property=\"og:url\" content=\"https:\/\/chw.ee\/miks-chw\/\" \/>\n<meta property=\"og:site_name\" content=\"Lainepapist pakendid &amp; pakkematerjalid\u2503CHW O\u00dc\" \/>\n<meta property=\"article:modified_time\" content=\"2023-11-02T08:52:49+00:00\" \/>\n<meta name=\"twitter:card\" content=\"summary_large_image\" \/>\n<meta name=\"twitter:label1\" content=\"Arvioitu lukuaika\" \/>\n\t<meta name=\"twitter:data1\" content=\"1 minuutti\" \/>\n<script type=\"application\/ld+json\" class=\"yoast-schema-graph\">{\"@context\":\"https:\/\/schema.org\",\"@graph\":[{\"@type\":\"WebPage\",\"@id\":\"https:\/\/chw.ee\/miks-chw\/\",\"url\":\"https:\/\/chw.ee\/miks-chw\/\",\"name\":\"Miksi CHW? - Lainepapist pakendid &amp; pakkematerjalid\u2503CHW O\u00dc\",\"isPartOf\":{\"@id\":\"https:\/\/chw.ee\/#website\"},\"datePublished\":\"2023-09-05T20:38:12+00:00\",\"dateModified\":\"2023-11-02T08:52:49+00:00\",\"breadcrumb\":{\"@id\":\"https:\/\/chw.ee\/miks-chw\/#breadcrumb\"},\"inLanguage\":\"fi\",\"potentialAction\":[{\"@type\":\"ReadAction\",\"target\":[\"https:\/\/chw.ee\/miks-chw\/\"]}]},{\"@type\":\"BreadcrumbList\",\"@id\":\"https:\/\/chw.ee\/miks-chw\/#breadcrumb\",\"itemListElement\":[{\"@type\":\"ListItem\",\"position\":1,\"name\":\"Home\",\"item\":\"https:\/\/chw.ee\/\"},{\"@type\":\"ListItem\",\"position\":2,\"name\":\"Miksi CHW?\"}]},{\"@type\":\"WebSite\",\"@id\":\"https:\/\/chw.ee\/#website\",\"url\":\"https:\/\/chw.ee\/\",\"name\":\"Lainepapist pakendid &amp; pakkematerjalid\u2503CHW O\u00dc\",\"description\":\"\",\"publisher\":{\"@id\":\"https:\/\/chw.ee\/#organization\"},\"potentialAction\":[{\"@type\":\"SearchAction\",\"target\":{\"@type\":\"EntryPoint\",\"urlTemplate\":\"https:\/\/chw.ee\/?s={search_term_string}\"},\"query-input\":{\"@type\":\"PropertyValueSpecification\",\"valueRequired\":true,\"valueName\":\"search_term_string\"}}],\"inLanguage\":\"fi\"},{\"@type\":\"Organization\",\"@id\":\"https:\/\/chw.ee\/#organization\",\"name\":\"Lainepapist pakendid &amp; pakkematerjalid\u2503CHW O\u00dc\",\"url\":\"https:\/\/chw.ee\/\",\"logo\":{\"@type\":\"ImageObject\",\"inLanguage\":\"fi\",\"@id\":\"https:\/\/chw.ee\/#\/schema\/logo\/image\/\",\"url\":\"https:\/\/chw.ee\/wp-content\/uploads\/2023\/10\/cropped-cropped-Black-White-Minimalist-Aesthetic-Initials-Font-Logo-1.png\",\"contentUrl\":\"https:\/\/chw.ee\/wp-content\/uploads\/2023\/10\/cropped-cropped-Black-White-Minimalist-Aesthetic-Initials-Font-Logo-1.png\",\"width\":500,\"height\":166,\"caption\":\"Lainepapist pakendid &amp; pakkematerjalid\u2503CHW O\u00dc\"},\"image\":{\"@id\":\"https:\/\/chw.ee\/#\/schema\/logo\/image\/\"}}]}<\/script>\n<!-- \/ Yoast SEO plugin. -->","yoast_head_json":{"title":"Miksi CHW? - Lainepapist pakendid &amp; pakkematerjalid\u2503CHW O\u00dc","robots":{"index":"index","follow":"follow","max-snippet":"max-snippet:-1","max-image-preview":"max-image-preview:large","max-video-preview":"max-video-preview:-1"},"canonical":"https:\/\/chw.ee\/miks-chw\/","og_locale":"fi_FI","og_type":"article","og_title":"Miksi CHW? - Lainepapist pakendid &amp; pakkematerjalid\u2503CHW O\u00dc","og_description":"Miks valita CHW aaltopahvilaatikot? 1. Suojaamme tuotteitasi jokaisessa vaiheessa Tuotteesi turvallisuus on meille kaikkein t\u00e4rkeint\u00e4. CHW aaltopahvilaatikot on valmistettu suojaamaan tuotteitasi jokaisessa vaiheessa. Emme vain tee pakkauksia, vaan luomme varmuuden siit\u00e4, ett\u00e4 asiakkaasi saavat aina t\u00e4ydelliset tuotteet. &nbsp; 2. Hinnat, jotka sopivat budjettiisi Tied\u00e4mme, kuinka t\u00e4rke\u00e4\u00e4 on pit\u00e4\u00e4 kulut kurissa. CHW tarjoaa sinulle edullisia hintoja [&hellip;]","og_url":"https:\/\/chw.ee\/miks-chw\/","og_site_name":"Lainepapist pakendid &amp; pakkematerjalid\u2503CHW O\u00dc","article_modified_time":"2023-11-02T08:52:49+00:00","twitter_card":"summary_large_image","twitter_misc":{"Arvioitu lukuaika":"1 minuutti"},"schema":{"@context":"https:\/\/schema.org","@graph":[{"@type":"WebPage","@id":"https:\/\/chw.ee\/miks-chw\/","url":"https:\/\/chw.ee\/miks-chw\/","name":"Miksi CHW? - Lainepapist pakendid &amp; pakkematerjalid\u2503CHW O\u00dc","isPartOf":{"@id":"https:\/\/chw.ee\/#website"},"datePublished":"2023-09-05T20:38:12+00:00","dateModified":"2023-11-02T08:52:49+00:00","breadcrumb":{"@id":"https:\/\/chw.ee\/miks-chw\/#breadcrumb"},"inLanguage":"fi","potentialAction":[{"@type":"ReadAction","target":["https:\/\/chw.ee\/miks-chw\/"]}]},{"@type":"BreadcrumbList","@id":"https:\/\/chw.ee\/miks-chw\/#breadcrumb","itemListElement":[{"@type":"ListItem","position":1,"name":"Home","item":"https:\/\/chw.ee\/"},{"@type":"ListItem","position":2,"name":"Miksi CHW?"}]},{"@type":"WebSite","@id":"https:\/\/chw.ee\/#website","url":"https:\/\/chw.ee\/","name":"Lainepapist pakendid &amp; pakkematerjalid\u2503CHW O\u00dc","description":"","publisher":{"@id":"https:\/\/chw.ee\/#organization"},"potentialAction":[{"@type":"SearchAction","target":{"@type":"EntryPoint","urlTemplate":"https:\/\/chw.ee\/?s={search_term_string}"},"query-input":{"@type":"PropertyValueSpecification","valueRequired":true,"valueName":"search_term_string"}}],"inLanguage":"fi"},{"@type":"Organization","@id":"https:\/\/chw.ee\/#organization","name":"Lainepapist pakendid &amp; pakkematerjalid\u2503CHW O\u00dc","url":"https:\/\/chw.ee\/","logo":{"@type":"ImageObject","inLanguage":"fi","@id":"https:\/\/chw.ee\/#\/schema\/logo\/image\/","url":"https:\/\/chw.ee\/wp-content\/uploads\/2023\/10\/cropped-cropped-Black-White-Minimalist-Aesthetic-Initials-Font-Logo-1.png","contentUrl":"https:\/\/chw.ee\/wp-content\/uploads\/2023\/10\/cropped-cropped-Black-White-Minimalist-Aesthetic-Initials-Font-Logo-1.png","width":500,"height":166,"caption":"Lainepapist pakendid &amp; pakkematerjalid\u2503CHW O\u00dc"},"image":{"@id":"https:\/\/chw.ee\/#\/schema\/logo\/image\/"}}]}},"_links":{"self":[{"href":"https:\/\/chw.ee\/fi\/wp-json\/wp\/v2\/pages\/3220","targetHints":{"allow":["GET"]}}],"collection":[{"href":"https:\/\/chw.ee\/fi\/wp-json\/wp\/v2\/pages"}],"about":[{"href":"https:\/\/chw.ee\/fi\/wp-json\/wp\/v2\/types\/page"}],"author":[{"embeddable":true,"href":"https:\/\/chw.ee\/fi\/wp-json\/wp\/v2\/users\/1"}],"replies":[{"embeddable":true,"href":"https:\/\/chw.ee\/fi\/wp-json\/wp\/v2\/comments?post=3220"}],"version-history":[{"count":5,"href":"https:\/\/chw.ee\/fi\/wp-json\/wp\/v2\/pages\/3220\/revisions"}],"predecessor-version":[{"id":4633,"href":"https:\/\/chw.ee\/fi\/wp-json\/wp\/v2\/pages\/3220\/revisions\/4633"}],"wp:attachment":[{"href":"https:\/\/chw.ee\/fi\/wp-json\/wp\/v2\/media?parent=3220"}],"curies":[{"name":"wp","href":"https:\/\/api.w.org\/{rel}","templated":true}]}}