{"id":3181,"date":"2018-11-26T12:46:44","date_gmt":"2018-11-26T12:46:44","guid":{"rendered":"https:\/\/chw.ee\/asiakkaat-meist\/"},"modified":"2023-11-02T08:52:20","modified_gmt":"2023-11-02T08:52:20","slug":"asiakkaat-meist","status":"publish","type":"page","link":"https:\/\/chw.ee\/fi\/asiakkaat-meist\/","title":{"rendered":"Asiakkaat meist\u00e4"},"content":{"rendered":"\t\t<div data-elementor-type=\"wp-post\" data-elementor-id=\"3181\" class=\"elementor elementor-3181 elementor-1422\">\n\t\t\t\t\t\t<section class=\"elementor-section elementor-top-section elementor-element elementor-element-74684b9 elementor-section-boxed elementor-section-height-default elementor-section-height-default exad-glass-effect-no exad-sticky-section-no\" data-id=\"74684b9\" data-element_type=\"section\" data-e-type=\"section\">\n\t\t\t\t\t\t<div class=\"elementor-container elementor-column-gap-default\">\n\t\t\t\t\t<div class=\"elementor-column elementor-col-100 elementor-top-column elementor-element elementor-element-ce86dd7 exad-glass-effect-no exad-sticky-section-no\" data-id=\"ce86dd7\" data-element_type=\"column\" data-e-type=\"column\">\n\t\t\t<div class=\"elementor-widget-wrap elementor-element-populated\">\n\t\t\t\t\t\t<div class=\"elementor-element elementor-element-bda5a94 exad-sticky-section-no exad-glass-effect-no elementor-widget elementor-widget-shortcode\" data-id=\"bda5a94\" data-element_type=\"widget\" data-e-type=\"widget\" data-widget_type=\"shortcode.default\">\n\t\t\t\t<div class=\"elementor-widget-container\">\n\t\t\t\t\t\t\t<div class=\"elementor-shortcode\">\n<\/div>\n\t\t\t\t\t\t<\/div>\n\t\t\t\t<\/div>\n\t\t\t\t\t<\/div>\n\t\t<\/div>\n\t\t\t\t\t<\/div>\n\t\t<\/section>\n\t\t\t\t<section class=\"elementor-section elementor-top-section elementor-element elementor-element-ca892c7 elementor-section-boxed elementor-section-height-default elementor-section-height-default exad-glass-effect-no exad-sticky-section-no\" data-id=\"ca892c7\" data-element_type=\"section\" data-e-type=\"section\">\n\t\t\t\t\t\t<div class=\"elementor-container elementor-column-gap-default\">\n\t\t\t\t\t<div class=\"elementor-column elementor-col-100 elementor-top-column elementor-element elementor-element-a173dd3 exad-glass-effect-no exad-sticky-section-no\" data-id=\"a173dd3\" data-element_type=\"column\" data-e-type=\"column\">\n\t\t\t<div class=\"elementor-widget-wrap elementor-element-populated\">\n\t\t\t\t\t\t<div class=\"elementor-element elementor-element-13233b5 exad-sticky-section-no exad-glass-effect-no elementor-widget elementor-widget-heading\" data-id=\"13233b5\" data-element_type=\"widget\" data-e-type=\"widget\" data-widget_type=\"heading.default\">\n\t\t\t\t<div class=\"elementor-widget-container\">\n\t\t\t\t\t<h2 class=\"elementor-heading-title elementor-size-default\">Asiakkaat meist\u00e4<\/h2>\t\t\t\t<\/div>\n\t\t\t\t<\/div>\n\t\t\t\t\t<\/div>\n\t\t<\/div>\n\t\t\t\t\t<\/div>\n\t\t<\/section>\n\t\t\t\t<section class=\"elementor-section elementor-top-section elementor-element elementor-element-871cb54 elementor-section-boxed elementor-section-height-default elementor-section-height-default exad-glass-effect-no exad-sticky-section-no\" data-id=\"871cb54\" data-element_type=\"section\" data-e-type=\"section\">\n\t\t\t\t\t\t<div class=\"elementor-container elementor-column-gap-default\">\n\t\t\t\t\t<div class=\"elementor-column elementor-col-100 elementor-top-column elementor-element elementor-element-5689c9f exad-glass-effect-no exad-sticky-section-no\" data-id=\"5689c9f\" data-element_type=\"column\" data-e-type=\"column\">\n\t\t\t<div class=\"elementor-widget-wrap elementor-element-populated\">\n\t\t\t\t\t\t<div class=\"elementor-element elementor-element-b1e251e exad-sticky-section-no exad-glass-effect-no elementor-widget elementor-widget-testimonial\" data-id=\"b1e251e\" data-element_type=\"widget\" data-e-type=\"widget\" data-widget_type=\"testimonial.default\">\n\t\t\t\t<div class=\"elementor-widget-container\">\n\t\t\t\t\t\t\t<div class=\"elementor-testimonial-wrapper\">\n\t\t\t\t\t\t\t<div class=\"elementor-testimonial-content\"><p><span style=\"font-size: 20.799999px\">Ei ole tuotetta, jonka CHW ei auta pakkaamaan laatikkoon!<\/span><\/p>\n<\/div>\n\t\t\t\n\t\t\t\t\t\t<div class=\"elementor-testimonial-meta\">\n\t\t\t\t<div class=\"elementor-testimonial-meta-inner\">\n\t\t\t\t\t\n\t\t\t\t\t\t\t\t\t\t<div class=\"elementor-testimonial-details\">\n\t\t\t\t\t\t\t\t\t\t\t\t\t\t<div class=\"elementor-testimonial-name\">Erkki Luuk<\/div>\n\t\t\t\t\t\t\t\t\t\t\t\t\t\t\t\t\t\t\t\t\t\t<div class=\"elementor-testimonial-job\">Repston O\u00dc<\/div>\n\t\t\t\t\t\t\t\t\t\t\t\t\t<\/div>\n\t\t\t\t\t\t\t\t\t<\/div>\n\t\t\t<\/div>\n\t\t\t\t\t<\/div>\n\t\t\t\t\t\t<\/div>\n\t\t\t\t<\/div>\n\t\t\t\t<div class=\"elementor-element elementor-element-08232f6 exad-sticky-section-no exad-glass-effect-no elementor-widget elementor-widget-testimonial\" data-id=\"08232f6\" data-element_type=\"widget\" data-e-type=\"widget\" data-widget_type=\"testimonial.default\">\n\t\t\t\t<div class=\"elementor-widget-container\">\n\t\t\t\t\t\t\t<div class=\"elementor-testimonial-wrapper\">\n\t\t\t\t\t\t\t<div class=\"elementor-testimonial-content\"><p>Arvostamme yhteisty\u00f6ss\u00e4 joustavuutta ja kyky\u00e4 tarjota tehokkaampia ratkaisuja sek\u00e4 toimitusten nopeutta ja tarkkuutta. Kaikki t\u00e4m\u00e4 l\u00f6ytyy CHW O\u00dc:sta!<\/p>\n<\/div>\n\t\t\t\n\t\t\t\t\t\t<div class=\"elementor-testimonial-meta\">\n\t\t\t\t<div class=\"elementor-testimonial-meta-inner\">\n\t\t\t\t\t\n\t\t\t\t\t\t\t\t\t\t<div class=\"elementor-testimonial-details\">\n\t\t\t\t\t\t\t\t\t\t\t\t\t\t<div class=\"elementor-testimonial-name\">Rainer Rehe<\/div>\n\t\t\t\t\t\t\t\t\t\t\t\t\t\t\t\t\t\t\t\t\t\t<div class=\"elementor-testimonial-job\">Baltic Forest O\u00dc<\/div>\n\t\t\t\t\t\t\t\t\t\t\t\t\t<\/div>\n\t\t\t\t\t\t\t\t\t<\/div>\n\t\t\t<\/div>\n\t\t\t\t\t<\/div>\n\t\t\t\t\t\t<\/div>\n\t\t\t\t<\/div>\n\t\t\t\t\t<\/div>\n\t\t<\/div>\n\t\t\t\t\t<\/div>\n\t\t<\/section>\n\t\t\t\t<section class=\"elementor-section elementor-top-section elementor-element elementor-element-26667e2 elementor-section-boxed elementor-section-height-default elementor-section-height-default exad-glass-effect-no exad-sticky-section-no\" data-id=\"26667e2\" data-element_type=\"section\" data-e-type=\"section\">\n\t\t\t\t\t\t<div class=\"elementor-container elementor-column-gap-default\">\n\t\t\t\t\t<div class=\"elementor-column elementor-col-100 elementor-top-column elementor-element elementor-element-d3421e6 exad-glass-effect-no exad-sticky-section-no\" data-id=\"d3421e6\" data-element_type=\"column\" data-e-type=\"column\">\n\t\t\t<div class=\"elementor-widget-wrap elementor-element-populated\">\n\t\t\t\t\t\t<div class=\"elementor-element elementor-element-00dd7bf exad-sticky-section-no exad-glass-effect-no elementor-widget elementor-widget-testimonial\" data-id=\"00dd7bf\" data-element_type=\"widget\" data-e-type=\"widget\" data-widget_type=\"testimonial.default\">\n\t\t\t\t<div class=\"elementor-widget-container\">\n\t\t\t\t\t\t\t<div class=\"elementor-testimonial-wrapper\">\n\t\t\t\t\t\t\t<div class=\"elementor-testimonial-content\"><p><span style=\"font-size: 20.799999px\">Olemme tyytyv\u00e4isi\u00e4 tuotteisiinne, toimitus on nopea, myyntiin liittyv\u00e4 kommunikaatio on hyv\u00e4\u00e4! Tuotteet vastaavat tarpeitamme ja k\u00e4yt\u00e4mme edelleen CHW:n pahvia!\u200b<\/span><\/p>\n<\/div>\n\t\t\t\n\t\t\t\t\t\t<div class=\"elementor-testimonial-meta\">\n\t\t\t\t<div class=\"elementor-testimonial-meta-inner\">\n\t\t\t\t\t\n\t\t\t\t\t\t\t\t\t\t<div class=\"elementor-testimonial-details\">\n\t\t\t\t\t\t\t\t\t\t\t\t\t\t<div class=\"elementor-testimonial-name\">Kristo Kanarbik<\/div>\n\t\t\t\t\t\t\t\t\t\t\t\t\t\t\t\t\t\t\t\t\t\t<div class=\"elementor-testimonial-job\">Magnum AS<\/div>\n\t\t\t\t\t\t\t\t\t\t\t\t\t<\/div>\n\t\t\t\t\t\t\t\t\t<\/div>\n\t\t\t<\/div>\n\t\t\t\t\t<\/div>\n\t\t\t\t\t\t<\/div>\n\t\t\t\t<\/div>\n\t\t\t\t\t<\/div>\n\t\t<\/div>\n\t\t\t\t\t<\/div>\n\t\t<\/section>\n\t\t\t\t<section class=\"elementor-section elementor-top-section elementor-element elementor-element-18fec71 elementor-section-boxed elementor-section-height-default elementor-section-height-default exad-glass-effect-no exad-sticky-section-no\" data-id=\"18fec71\" data-element_type=\"section\" data-e-type=\"section\">\n\t\t\t\t\t\t<div class=\"elementor-container elementor-column-gap-default\">\n\t\t\t\t\t<div class=\"elementor-column elementor-col-100 elementor-top-column elementor-element elementor-element-93d232a exad-glass-effect-no exad-sticky-section-no\" data-id=\"93d232a\" data-element_type=\"column\" data-e-type=\"column\">\n\t\t\t<div class=\"elementor-widget-wrap elementor-element-populated\">\n\t\t\t\t\t\t<div class=\"elementor-element elementor-element-3ba22dd exad-sticky-section-no exad-glass-effect-no elementor-widget elementor-widget-testimonial\" data-id=\"3ba22dd\" data-element_type=\"widget\" data-e-type=\"widget\" data-widget_type=\"testimonial.default\">\n\t\t\t\t<div class=\"elementor-widget-container\">\n\t\t\t\t\t\t\t<div class=\"elementor-testimonial-wrapper\">\n\t\t\t\t\t\t\t<div class=\"elementor-testimonial-content\"><p>AS Neiser Group arvostaa kauneutta, suunnittelua ja ymp\u00e4rist\u00f6yst\u00e4v\u00e4llisi\u00e4 ratkaisuja.<br \/>\nCHW-pakkausmateriaalit ovat osa, jotka auttavat meit\u00e4 olemaan ymp\u00e4rist\u00f6yst\u00e4v\u00e4llisempi\u00e4 ja kest\u00e4v\u00e4mpi\u00e4.<br \/>\nCHW-pakkausteipit ja kulmapalat ovat t\u00e4rkeit\u00e4 arvoja sohvien kuljetuksessa asiakkaille.<br \/>\nOlemme eritt\u00e4in tyytyv\u00e4isi\u00e4 CHW:n tuotteisiin.<\/p>\n<\/div>\n\t\t\t\n\t\t\t\t\t\t<div class=\"elementor-testimonial-meta\">\n\t\t\t\t<div class=\"elementor-testimonial-meta-inner\">\n\t\t\t\t\t\n\t\t\t\t\t\t\t\t\t\t<div class=\"elementor-testimonial-details\">\n\t\t\t\t\t\t\t\t\t\t\t\t\t\t<div class=\"elementor-testimonial-name\">K\u00e4rt Tischler<\/div>\n\t\t\t\t\t\t\t\t\t\t\t\t\t\t\t\t\t\t\t\t\t\t<div class=\"elementor-testimonial-job\">AS Neiser Group<\/div>\n\t\t\t\t\t\t\t\t\t\t\t\t\t<\/div>\n\t\t\t\t\t\t\t\t\t<\/div>\n\t\t\t<\/div>\n\t\t\t\t\t<\/div>\n\t\t\t\t\t\t<\/div>\n\t\t\t\t<\/div>\n\t\t\t\t\t<\/div>\n\t\t<\/div>\n\t\t\t\t\t<\/div>\n\t\t<\/section>\n\t\t\t\t<\/div>\n\t\t","protected":false},"excerpt":{"rendered":"<p>Asiakkaat meist\u00e4 Ei ole tuotetta, jonka CHW ei auta pakkaamaan laatikkoon! Erkki Luuk Repston O\u00dc Arvostamme yhteisty\u00f6ss\u00e4 joustavuutta ja kyky\u00e4 tarjota tehokkaampia ratkaisuja sek\u00e4 toimitusten nopeutta ja tarkkuutta. Kaikki t\u00e4m\u00e4 l\u00f6ytyy CHW O\u00dc:sta! Rainer Rehe Baltic Forest O\u00dc Olemme tyytyv\u00e4isi\u00e4 tuotteisiinne, toimitus on nopea, myyntiin liittyv\u00e4 kommunikaatio on hyv\u00e4\u00e4! Tuotteet vastaavat tarpeitamme ja k\u00e4yt\u00e4mme edelleen [&hellip;]<\/p>\n","protected":false},"author":1,"featured_media":0,"parent":0,"menu_order":0,"comment_status":"closed","ping_status":"closed","template":"","meta":{"site-sidebar-layout":"no-sidebar","site-content-layout":"page-builder","ast-site-content-layout":"default","site-content-style":"default","site-sidebar-style":"default","ast-global-header-display":"","ast-banner-title-visibility":"","ast-main-header-display":"","ast-hfb-above-header-display":"","ast-hfb-below-header-display":"","ast-hfb-mobile-header-display":"","site-post-title":"disabled","ast-breadcrumbs-content":"","ast-featured-img":"disabled","footer-sml-layout":"","ast-disable-related-posts":"","theme-transparent-header-meta":"enabled","adv-header-id-meta":"","stick-header-meta":"default","header-above-stick-meta":"","header-main-stick-meta":"","header-below-stick-meta":"","astra-migrate-meta-layouts":"default","ast-page-background-enabled":"default","ast-page-background-meta":{"desktop":{"background-color":"var(--ast-global-color-4)","background-image":"","background-repeat":"repeat","background-position":"center center","background-size":"auto","background-attachment":"scroll","background-type":"","background-media":"","overlay-type":"","overlay-color":"","overlay-opacity":"","overlay-gradient":""},"tablet":{"background-color":"","background-image":"","background-repeat":"repeat","background-position":"center center","background-size":"auto","background-attachment":"scroll","background-type":"","background-media":"","overlay-type":"","overlay-color":"","overlay-opacity":"","overlay-gradient":""},"mobile":{"background-color":"","background-image":"","background-repeat":"repeat","background-position":"center center","background-size":"auto","background-attachment":"scroll","background-type":"","background-media":"","overlay-type":"","overlay-color":"","overlay-opacity":"","overlay-gradient":""}},"ast-content-background-meta":{"desktop":{"background-color":"var(--ast-global-color-5)","background-image":"","background-repeat":"repeat","background-position":"center center","background-size":"auto","background-attachment":"scroll","background-type":"","background-media":"","overlay-type":"","overlay-color":"","overlay-opacity":"","overlay-gradient":""},"tablet":{"background-color":"var(--ast-global-color-5)","background-image":"","background-repeat":"repeat","background-position":"center center","background-size":"auto","background-attachment":"scroll","background-type":"","background-media":"","overlay-type":"","overlay-color":"","overlay-opacity":"","overlay-gradient":""},"mobile":{"background-color":"var(--ast-global-color-5)","background-image":"","background-repeat":"repeat","background-position":"center center","background-size":"auto","background-attachment":"scroll","background-type":"","background-media":"","overlay-type":"","overlay-color":"","overlay-opacity":"","overlay-gradient":""}},"footnotes":""},"class_list":["post-3181","page","type-page","status-publish","hentry"],"yoast_head":"<!-- This site is optimized with the Yoast SEO plugin v27.1.1 - https:\/\/yoast.com\/product\/yoast-seo-wordpress\/ -->\n<title>Asiakkaat meist\u00e4 - Lainepapist pakendid &amp; pakkematerjalid\u2503CHW O\u00dc<\/title>\n<meta name=\"robots\" content=\"index, follow, max-snippet:-1, max-image-preview:large, max-video-preview:-1\" \/>\n<link rel=\"canonical\" href=\"https:\/\/chw.ee\/kliendidmeist\/\" \/>\n<meta property=\"og:locale\" content=\"fi_FI\" \/>\n<meta property=\"og:type\" content=\"article\" \/>\n<meta property=\"og:title\" content=\"Asiakkaat meist\u00e4 - Lainepapist pakendid &amp; pakkematerjalid\u2503CHW O\u00dc\" \/>\n<meta property=\"og:description\" content=\"Asiakkaat meist\u00e4 Ei ole tuotetta, jonka CHW ei auta pakkaamaan laatikkoon! Erkki Luuk Repston O\u00dc Arvostamme yhteisty\u00f6ss\u00e4 joustavuutta ja kyky\u00e4 tarjota tehokkaampia ratkaisuja sek\u00e4 toimitusten nopeutta ja tarkkuutta. Kaikki t\u00e4m\u00e4 l\u00f6ytyy CHW O\u00dc:sta! Rainer Rehe Baltic Forest O\u00dc Olemme tyytyv\u00e4isi\u00e4 tuotteisiinne, toimitus on nopea, myyntiin liittyv\u00e4 kommunikaatio on hyv\u00e4\u00e4! Tuotteet vastaavat tarpeitamme ja k\u00e4yt\u00e4mme edelleen [&hellip;]\" \/>\n<meta property=\"og:url\" content=\"https:\/\/chw.ee\/kliendidmeist\/\" \/>\n<meta property=\"og:site_name\" content=\"Lainepapist pakendid &amp; pakkematerjalid\u2503CHW O\u00dc\" \/>\n<meta property=\"article:modified_time\" content=\"2023-11-02T08:52:20+00:00\" \/>\n<meta name=\"twitter:card\" content=\"summary_large_image\" \/>\n<meta name=\"twitter:label1\" content=\"Arvioitu lukuaika\" \/>\n\t<meta name=\"twitter:data1\" content=\"1 minuutti\" \/>\n<script type=\"application\/ld+json\" class=\"yoast-schema-graph\">{\"@context\":\"https:\/\/schema.org\",\"@graph\":[{\"@type\":\"WebPage\",\"@id\":\"https:\/\/chw.ee\/kliendidmeist\/\",\"url\":\"https:\/\/chw.ee\/kliendidmeist\/\",\"name\":\"Asiakkaat meist\u00e4 - Lainepapist pakendid &amp; pakkematerjalid\u2503CHW O\u00dc\",\"isPartOf\":{\"@id\":\"https:\/\/chw.ee\/#website\"},\"datePublished\":\"2018-11-26T12:46:44+00:00\",\"dateModified\":\"2023-11-02T08:52:20+00:00\",\"breadcrumb\":{\"@id\":\"https:\/\/chw.ee\/kliendidmeist\/#breadcrumb\"},\"inLanguage\":\"fi\",\"potentialAction\":[{\"@type\":\"ReadAction\",\"target\":[\"https:\/\/chw.ee\/kliendidmeist\/\"]}]},{\"@type\":\"BreadcrumbList\",\"@id\":\"https:\/\/chw.ee\/kliendidmeist\/#breadcrumb\",\"itemListElement\":[{\"@type\":\"ListItem\",\"position\":1,\"name\":\"Home\",\"item\":\"https:\/\/chw.ee\/\"},{\"@type\":\"ListItem\",\"position\":2,\"name\":\"Asiakkaat meist\u00e4\"}]},{\"@type\":\"WebSite\",\"@id\":\"https:\/\/chw.ee\/#website\",\"url\":\"https:\/\/chw.ee\/\",\"name\":\"Lainepapist pakendid &amp; pakkematerjalid\u2503CHW O\u00dc\",\"description\":\"\",\"publisher\":{\"@id\":\"https:\/\/chw.ee\/#organization\"},\"potentialAction\":[{\"@type\":\"SearchAction\",\"target\":{\"@type\":\"EntryPoint\",\"urlTemplate\":\"https:\/\/chw.ee\/?s={search_term_string}\"},\"query-input\":{\"@type\":\"PropertyValueSpecification\",\"valueRequired\":true,\"valueName\":\"search_term_string\"}}],\"inLanguage\":\"fi\"},{\"@type\":\"Organization\",\"@id\":\"https:\/\/chw.ee\/#organization\",\"name\":\"Lainepapist pakendid &amp; pakkematerjalid\u2503CHW O\u00dc\",\"url\":\"https:\/\/chw.ee\/\",\"logo\":{\"@type\":\"ImageObject\",\"inLanguage\":\"fi\",\"@id\":\"https:\/\/chw.ee\/#\/schema\/logo\/image\/\",\"url\":\"https:\/\/chw.ee\/wp-content\/uploads\/2023\/10\/cropped-cropped-Black-White-Minimalist-Aesthetic-Initials-Font-Logo-1.png\",\"contentUrl\":\"https:\/\/chw.ee\/wp-content\/uploads\/2023\/10\/cropped-cropped-Black-White-Minimalist-Aesthetic-Initials-Font-Logo-1.png\",\"width\":500,\"height\":166,\"caption\":\"Lainepapist pakendid &amp; pakkematerjalid\u2503CHW O\u00dc\"},\"image\":{\"@id\":\"https:\/\/chw.ee\/#\/schema\/logo\/image\/\"}}]}<\/script>\n<!-- \/ Yoast SEO plugin. -->","yoast_head_json":{"title":"Asiakkaat meist\u00e4 - Lainepapist pakendid &amp; pakkematerjalid\u2503CHW O\u00dc","robots":{"index":"index","follow":"follow","max-snippet":"max-snippet:-1","max-image-preview":"max-image-preview:large","max-video-preview":"max-video-preview:-1"},"canonical":"https:\/\/chw.ee\/kliendidmeist\/","og_locale":"fi_FI","og_type":"article","og_title":"Asiakkaat meist\u00e4 - Lainepapist pakendid &amp; pakkematerjalid\u2503CHW O\u00dc","og_description":"Asiakkaat meist\u00e4 Ei ole tuotetta, jonka CHW ei auta pakkaamaan laatikkoon! Erkki Luuk Repston O\u00dc Arvostamme yhteisty\u00f6ss\u00e4 joustavuutta ja kyky\u00e4 tarjota tehokkaampia ratkaisuja sek\u00e4 toimitusten nopeutta ja tarkkuutta. Kaikki t\u00e4m\u00e4 l\u00f6ytyy CHW O\u00dc:sta! Rainer Rehe Baltic Forest O\u00dc Olemme tyytyv\u00e4isi\u00e4 tuotteisiinne, toimitus on nopea, myyntiin liittyv\u00e4 kommunikaatio on hyv\u00e4\u00e4! Tuotteet vastaavat tarpeitamme ja k\u00e4yt\u00e4mme edelleen [&hellip;]","og_url":"https:\/\/chw.ee\/kliendidmeist\/","og_site_name":"Lainepapist pakendid &amp; pakkematerjalid\u2503CHW O\u00dc","article_modified_time":"2023-11-02T08:52:20+00:00","twitter_card":"summary_large_image","twitter_misc":{"Arvioitu lukuaika":"1 minuutti"},"schema":{"@context":"https:\/\/schema.org","@graph":[{"@type":"WebPage","@id":"https:\/\/chw.ee\/kliendidmeist\/","url":"https:\/\/chw.ee\/kliendidmeist\/","name":"Asiakkaat meist\u00e4 - Lainepapist pakendid &amp; pakkematerjalid\u2503CHW O\u00dc","isPartOf":{"@id":"https:\/\/chw.ee\/#website"},"datePublished":"2018-11-26T12:46:44+00:00","dateModified":"2023-11-02T08:52:20+00:00","breadcrumb":{"@id":"https:\/\/chw.ee\/kliendidmeist\/#breadcrumb"},"inLanguage":"fi","potentialAction":[{"@type":"ReadAction","target":["https:\/\/chw.ee\/kliendidmeist\/"]}]},{"@type":"BreadcrumbList","@id":"https:\/\/chw.ee\/kliendidmeist\/#breadcrumb","itemListElement":[{"@type":"ListItem","position":1,"name":"Home","item":"https:\/\/chw.ee\/"},{"@type":"ListItem","position":2,"name":"Asiakkaat meist\u00e4"}]},{"@type":"WebSite","@id":"https:\/\/chw.ee\/#website","url":"https:\/\/chw.ee\/","name":"Lainepapist pakendid &amp; pakkematerjalid\u2503CHW O\u00dc","description":"","publisher":{"@id":"https:\/\/chw.ee\/#organization"},"potentialAction":[{"@type":"SearchAction","target":{"@type":"EntryPoint","urlTemplate":"https:\/\/chw.ee\/?s={search_term_string}"},"query-input":{"@type":"PropertyValueSpecification","valueRequired":true,"valueName":"search_term_string"}}],"inLanguage":"fi"},{"@type":"Organization","@id":"https:\/\/chw.ee\/#organization","name":"Lainepapist pakendid &amp; pakkematerjalid\u2503CHW O\u00dc","url":"https:\/\/chw.ee\/","logo":{"@type":"ImageObject","inLanguage":"fi","@id":"https:\/\/chw.ee\/#\/schema\/logo\/image\/","url":"https:\/\/chw.ee\/wp-content\/uploads\/2023\/10\/cropped-cropped-Black-White-Minimalist-Aesthetic-Initials-Font-Logo-1.png","contentUrl":"https:\/\/chw.ee\/wp-content\/uploads\/2023\/10\/cropped-cropped-Black-White-Minimalist-Aesthetic-Initials-Font-Logo-1.png","width":500,"height":166,"caption":"Lainepapist pakendid &amp; pakkematerjalid\u2503CHW O\u00dc"},"image":{"@id":"https:\/\/chw.ee\/#\/schema\/logo\/image\/"}}]}},"_links":{"self":[{"href":"https:\/\/chw.ee\/fi\/wp-json\/wp\/v2\/pages\/3181","targetHints":{"allow":["GET"]}}],"collection":[{"href":"https:\/\/chw.ee\/fi\/wp-json\/wp\/v2\/pages"}],"about":[{"href":"https:\/\/chw.ee\/fi\/wp-json\/wp\/v2\/types\/page"}],"author":[{"embeddable":true,"href":"https:\/\/chw.ee\/fi\/wp-json\/wp\/v2\/users\/1"}],"replies":[{"embeddable":true,"href":"https:\/\/chw.ee\/fi\/wp-json\/wp\/v2\/comments?post=3181"}],"version-history":[{"count":5,"href":"https:\/\/chw.ee\/fi\/wp-json\/wp\/v2\/pages\/3181\/revisions"}],"predecessor-version":[{"id":4630,"href":"https:\/\/chw.ee\/fi\/wp-json\/wp\/v2\/pages\/3181\/revisions\/4630"}],"wp:attachment":[{"href":"https:\/\/chw.ee\/fi\/wp-json\/wp\/v2\/media?parent=3181"}],"curies":[{"name":"wp","href":"https:\/\/api.w.org\/{rel}","templated":true}]}}