{"id":3165,"date":"2023-07-12T12:07:05","date_gmt":"2023-07-12T12:07:05","guid":{"rendered":"https:\/\/chw.ee\/hyodyllista\/"},"modified":"2024-02-02T17:10:37","modified_gmt":"2024-02-02T17:10:37","slug":"hyodyllista","status":"publish","type":"page","link":"https:\/\/chw.ee\/fi\/hyodyllista\/","title":{"rendered":"Hy\u00f6dyllist\u00e4"},"content":{"rendered":"\t\t<div data-elementor-type=\"wp-page\" data-elementor-id=\"3165\" class=\"elementor elementor-3165 elementor-2\">\n\t\t\t\t\t\t<section class=\"elementor-section elementor-top-section elementor-element elementor-element-3bbe740 elementor-section-boxed elementor-section-height-default elementor-section-height-default exad-glass-effect-no exad-sticky-section-no\" data-id=\"3bbe740\" data-element_type=\"section\" data-e-type=\"section\">\n\t\t\t\t\t\t<div class=\"elementor-container elementor-column-gap-default\">\n\t\t\t\t\t<div class=\"elementor-column elementor-col-100 elementor-top-column elementor-element elementor-element-eaebdfb exad-glass-effect-no exad-sticky-section-no\" data-id=\"eaebdfb\" data-element_type=\"column\" data-e-type=\"column\">\n\t\t\t<div class=\"elementor-widget-wrap elementor-element-populated\">\n\t\t\t\t\t\t<div class=\"elementor-element elementor-element-d21311a exad-sticky-section-no exad-glass-effect-no elementor-widget elementor-widget-qi_addons_for_elementor_blog_list\" data-id=\"d21311a\" data-element_type=\"widget\" data-e-type=\"widget\" data-widget_type=\"qi_addons_for_elementor_blog_list.default\">\n\t\t\t\t<div class=\"elementor-widget-container\">\n\t\t\t\t\t<div class=\"qodef-shortcode qodef-m qodef-addons-blog-list qodef-info-no-icons qodef-image--hover-zoom qodef-qi-grid qodef-layout--qi-columns qodef-col-num--3 qodef-item-layout--boxed qodef-responsive--predefined\" >\n\t<div class=\"qodef-grid-inner\">\n\t\t<article class=\"qodef-e qodef-blog-item qodef-grid-item qodef-item--full post-4967 post type-post status-publish format-standard has-post-thumbnail hentry category-pakkaus-ja-logistiikka\">\n\t<div class=\"qodef-e-inner\">\n\t\t<div class=\"qodef-e-media-holder\">\n\t\t\t<div class=\"qodef-e-media\">\n\t\t<div class=\"qodef-e-media-image\">\n\t\t<a itemprop=\"url\" href=\"https:\/\/chw.ee\/fi\/selvita-miksi-paperiteippi-on-paras-valinta-yrityksellesi\/\">\n\t\t\t<img fetchpriority=\"high\" decoding=\"async\" width=\"1920\" height=\"2560\" src=\"https:\/\/chw.ee\/wp-content\/uploads\/2024\/01\/tempImage7nACXJ-scaled.jpg\" class=\"attachment-full size-full\" alt=\"Paberteip\" srcset=\"https:\/\/chw.ee\/wp-content\/uploads\/2024\/01\/tempImage7nACXJ-scaled.jpg 1920w, https:\/\/chw.ee\/wp-content\/uploads\/2024\/01\/tempImage7nACXJ-225x300.jpg 225w, https:\/\/chw.ee\/wp-content\/uploads\/2024\/01\/tempImage7nACXJ-768x1024.jpg 768w, https:\/\/chw.ee\/wp-content\/uploads\/2024\/01\/tempImage7nACXJ-1152x1536.jpg 1152w, https:\/\/chw.ee\/wp-content\/uploads\/2024\/01\/tempImage7nACXJ-1536x2048.jpg 1536w\" sizes=\"(max-width: 1920px) 100vw, 1920px\" \/>\t\t<\/a>\n\t\t\t<\/div>\n<\/div>\n\t\t<\/div>\n\t\t<div class=\"qodef-e-content\">\n\t\t\t\t\t\t<div class=\"qodef-e-text\">\n\t\t\t\t<h5 itemprop=\"name\" class=\"qodef-e-title entry-title\">\n\t<a itemprop=\"url\" class=\"qodef-e-title-link\" href=\"https:\/\/chw.ee\/fi\/selvita-miksi-paperiteippi-on-paras-valinta-yrityksellesi\/\">\n\t\tPaperiteippi: Paras valinta yrityksellesi [+Ymp\u00e4rist\u00f6yst\u00e4v\u00e4llinen tulevaisuus]\t<\/a>\n<\/h5>\n\t\t<p itemprop=\"description\" class=\"qodef-e-excerpt\">\n\t\t\tYmp\u00e4rist\u00f6yst\u00e4v\u00e4llisempien pakkausratkaisujen suuntaus nousee yh\u00e4 enemm\u00e4n esiin, saaden yritykset etsim\u00e4\u00e4n tapoja v\u00e4hent\u00e4\u00e4 hiilijalanj\u00e4lke\u00e4\u00e4n ja tukea vihreit\u00e4 aloitt\t\t<\/p>\n\t\t\t\t<\/div>\n\t\t\t\t\t\t\t<div class=\"qodef-e-info qodef-info--bottom\">\n\t\t\t\t\t\t<div class=\"qodef-e-read-more\">\n\t\t<a class=\"qodef-shortcode qodef-m qodef-qi-button qodef-html--link qodef-layout--filled qodef-type--standard qodef-icon--right qodef-hover--icon-move-horizontal-short\" href=\"https:\/\/chw.ee\/fi\/selvita-miksi-paperiteippi-on-paras-valinta-yrityksellesi\/\" target=\"_self\">\t<span class=\"qodef-m-text\">Lue lis\u00e4\u00e4<\/span>\t<\/a>\t<\/div>\n\t\t\t\t<\/div>\n\t\t\t\t\t<\/div>\n\t<\/div>\n<\/article>\n<article class=\"qodef-e qodef-blog-item qodef-grid-item qodef-item--full post-4976 post type-post status-publish format-standard has-post-thumbnail hentry category-pakkaus-ja-logistiikka\">\n\t<div class=\"qodef-e-inner\">\n\t\t<div class=\"qodef-e-media-holder\">\n\t\t\t<div class=\"qodef-e-media\">\n\t\t<div class=\"qodef-e-media-image\">\n\t\t<a itemprop=\"url\" href=\"https:\/\/chw.ee\/fi\/hunajakennopaperia-ymparistoystavallinen-pakkausvaihtoehto-joka-saastaa-kustannuksia-ja-vahentaa-jatetta\/\">\n\t\t\t<img decoding=\"async\" width=\"1920\" height=\"2560\" src=\"https:\/\/chw.ee\/wp-content\/uploads\/2023\/10\/tempImage0DkOaX-scaled.jpg\" class=\"attachment-full size-full\" alt=\"k\u00e4rgpaber \/ t\u00e4itematerjal\" srcset=\"https:\/\/chw.ee\/wp-content\/uploads\/2023\/10\/tempImage0DkOaX-scaled.jpg 1920w, https:\/\/chw.ee\/wp-content\/uploads\/2023\/10\/tempImage0DkOaX-225x300.jpg 225w, https:\/\/chw.ee\/wp-content\/uploads\/2023\/10\/tempImage0DkOaX-768x1024.jpg 768w, https:\/\/chw.ee\/wp-content\/uploads\/2023\/10\/tempImage0DkOaX-1152x1536.jpg 1152w, https:\/\/chw.ee\/wp-content\/uploads\/2023\/10\/tempImage0DkOaX-1536x2048.jpg 1536w\" sizes=\"(max-width: 1920px) 100vw, 1920px\" \/>\t\t<\/a>\n\t\t\t<\/div>\n<\/div>\n\t\t<\/div>\n\t\t<div class=\"qodef-e-content\">\n\t\t\t\t\t\t<div class=\"qodef-e-text\">\n\t\t\t\t<h5 itemprop=\"name\" class=\"qodef-e-title entry-title\">\n\t<a itemprop=\"url\" class=\"qodef-e-title-link\" href=\"https:\/\/chw.ee\/fi\/hunajakennopaperia-ymparistoystavallinen-pakkausvaihtoehto-joka-saastaa-kustannuksia-ja-vahentaa-jatetta\/\">\n\t\tHunajakennopaperia &#8211; S\u00e4\u00e4st\u00e4 kustannuksia ja v\u00e4henn\u00e4 j\u00e4tteit\u00e4\t<\/a>\n<\/h5>\n\t\t<p itemprop=\"description\" class=\"qodef-e-excerpt\">\n\t\t\tEl\u00e4mme aikakaudella, jolloin ymp\u00e4rist\u00f6yst\u00e4v\u00e4llisyys on muodostunut yrityksille ja kuluttajille \u00e4\u00e4rimm\u00e4isen t\u00e4rke\u00e4ksi prioriteetiksi. Ymp\u00e4rist\u00f6yst\u00e4v\u00e4llisten pakkausrat\t\t<\/p>\n\t\t\t\t<\/div>\n\t\t\t\t\t\t\t<div class=\"qodef-e-info qodef-info--bottom\">\n\t\t\t\t\t\t<div class=\"qodef-e-read-more\">\n\t\t<a class=\"qodef-shortcode qodef-m qodef-qi-button qodef-html--link qodef-layout--filled qodef-type--standard qodef-icon--right qodef-hover--icon-move-horizontal-short\" href=\"https:\/\/chw.ee\/fi\/hunajakennopaperia-ymparistoystavallinen-pakkausvaihtoehto-joka-saastaa-kustannuksia-ja-vahentaa-jatetta\/\" target=\"_self\">\t<span class=\"qodef-m-text\">Lue lis\u00e4\u00e4<\/span>\t<\/a>\t<\/div>\n\t\t\t\t<\/div>\n\t\t\t\t\t<\/div>\n\t<\/div>\n<\/article>\n<article class=\"qodef-e qodef-blog-item qodef-grid-item qodef-item--full post-4819 post type-post status-publish format-standard has-post-thumbnail hentry category-pakkaus-ja-logistiikka\">\n\t<div class=\"qodef-e-inner\">\n\t\t<div class=\"qodef-e-media-holder\">\n\t\t\t<div class=\"qodef-e-media\">\n\t\t<div class=\"qodef-e-media-image\">\n\t\t<a itemprop=\"url\" href=\"https:\/\/chw.ee\/fi\/hunajakenno-vs-styroksi-mika-on-parempi-valinta-pakkaamiseen\/\">\n\t\t\t<img decoding=\"async\" width=\"1920\" height=\"2560\" src=\"https:\/\/chw.ee\/wp-content\/uploads\/2023\/10\/tempImageaivw4F-scaled.jpg\" class=\"attachment-full size-full\" alt=\"k\u00e4rgpaneel\" srcset=\"https:\/\/chw.ee\/wp-content\/uploads\/2023\/10\/tempImageaivw4F-scaled.jpg 1920w, https:\/\/chw.ee\/wp-content\/uploads\/2023\/10\/tempImageaivw4F-225x300.jpg 225w, https:\/\/chw.ee\/wp-content\/uploads\/2023\/10\/tempImageaivw4F-768x1024.jpg 768w, https:\/\/chw.ee\/wp-content\/uploads\/2023\/10\/tempImageaivw4F-1152x1536.jpg 1152w, https:\/\/chw.ee\/wp-content\/uploads\/2023\/10\/tempImageaivw4F-1536x2048.jpg 1536w\" sizes=\"(max-width: 1920px) 100vw, 1920px\" \/>\t\t<\/a>\n\t\t\t<\/div>\n<\/div>\n\t\t<\/div>\n\t\t<div class=\"qodef-e-content\">\n\t\t\t\t\t\t<div class=\"qodef-e-text\">\n\t\t\t\t<h5 itemprop=\"name\" class=\"qodef-e-title entry-title\">\n\t<a itemprop=\"url\" class=\"qodef-e-title-link\" href=\"https:\/\/chw.ee\/fi\/hunajakenno-vs-styroksi-mika-on-parempi-valinta-pakkaamiseen\/\">\n\t\tHunajakennolevyt pahvista vs. penoplasti: Kumpi on parempi valinta pakkaamisessa?\t<\/a>\n<\/h5>\n\t\t<p itemprop=\"description\" class=\"qodef-e-excerpt\">\n\t\t\tYritykset ovat viime aikoina alkaneet kiinnitt\u00e4\u00e4 entist\u00e4 enemm\u00e4n huomiota ekologisen jalanj\u00e4ljen pienent\u00e4miseen valitsemalla pakkauksiin ymp\u00e4rist\u00f6yst\u00e4v\u00e4llisempi\u00e4 materia\t\t<\/p>\n\t\t\t\t<\/div>\n\t\t\t\t\t\t\t<div class=\"qodef-e-info qodef-info--bottom\">\n\t\t\t\t\t\t<div class=\"qodef-e-read-more\">\n\t\t<a class=\"qodef-shortcode qodef-m qodef-qi-button qodef-html--link qodef-layout--filled qodef-type--standard qodef-icon--right qodef-hover--icon-move-horizontal-short\" href=\"https:\/\/chw.ee\/fi\/hunajakenno-vs-styroksi-mika-on-parempi-valinta-pakkaamiseen\/\" target=\"_self\">\t<span class=\"qodef-m-text\">Lue lis\u00e4\u00e4<\/span>\t<\/a>\t<\/div>\n\t\t\t\t<\/div>\n\t\t\t\t\t<\/div>\n\t<\/div>\n<\/article>\n<article class=\"qodef-e qodef-blog-item qodef-grid-item qodef-item--full post-3305 post type-post status-publish format-standard has-post-thumbnail hentry category-pakkaus-ja-logistiikka\">\n\t<div class=\"qodef-e-inner\">\n\t\t<div class=\"qodef-e-media-holder\">\n\t\t\t<div class=\"qodef-e-media\">\n\t\t<div class=\"qodef-e-media-image\">\n\t\t<a itemprop=\"url\" href=\"https:\/\/chw.ee\/fi\/aaltopahvilaatikot-pakkausmaailman-huippu-2023\/\">\n\t\t\t<img loading=\"lazy\" decoding=\"async\" width=\"1920\" height=\"2560\" src=\"https:\/\/chw.ee\/wp-content\/uploads\/2023\/10\/tempImage8pjFbw-scaled.jpg\" class=\"attachment-full size-full\" alt=\"mis on lainepappkast?\" srcset=\"https:\/\/chw.ee\/wp-content\/uploads\/2023\/10\/tempImage8pjFbw-scaled.jpg 1920w, https:\/\/chw.ee\/wp-content\/uploads\/2023\/10\/tempImage8pjFbw-225x300.jpg 225w, https:\/\/chw.ee\/wp-content\/uploads\/2023\/10\/tempImage8pjFbw-768x1024.jpg 768w, https:\/\/chw.ee\/wp-content\/uploads\/2023\/10\/tempImage8pjFbw-1152x1536.jpg 1152w, https:\/\/chw.ee\/wp-content\/uploads\/2023\/10\/tempImage8pjFbw-1536x2048.jpg 1536w\" sizes=\"(max-width: 1920px) 100vw, 1920px\" \/>\t\t<\/a>\n\t\t\t<\/div>\n<\/div>\n\t\t<\/div>\n\t\t<div class=\"qodef-e-content\">\n\t\t\t\t\t\t<div class=\"qodef-e-text\">\n\t\t\t\t<h5 itemprop=\"name\" class=\"qodef-e-title entry-title\">\n\t<a itemprop=\"url\" class=\"qodef-e-title-link\" href=\"https:\/\/chw.ee\/fi\/aaltopahvilaatikot-pakkausmaailman-huippu-2023\/\">\n\t\tAaltopahvilaatikot: Pakkausmaailman huipputaso (2024)\t<\/a>\n<\/h5>\n\t\t<p itemprop=\"description\" class=\"qodef-e-excerpt\">\n\t\t\tLainepahvilaatikot ovat t\u00e4rke\u00e4 osa pakkaamista, joka varmistaa tuotteen markkinoinnin ja turvallisen toimituksen. Yksi pakkausratkaisu, joka erottuu aina luotettavuutensa ja teho\t\t<\/p>\n\t\t\t\t<\/div>\n\t\t\t\t\t\t\t<div class=\"qodef-e-info qodef-info--bottom\">\n\t\t\t\t\t\t<div class=\"qodef-e-read-more\">\n\t\t<a class=\"qodef-shortcode qodef-m qodef-qi-button qodef-html--link qodef-layout--filled qodef-type--standard qodef-icon--right qodef-hover--icon-move-horizontal-short\" href=\"https:\/\/chw.ee\/fi\/aaltopahvilaatikot-pakkausmaailman-huippu-2023\/\" target=\"_self\">\t<span class=\"qodef-m-text\">Lue lis\u00e4\u00e4<\/span>\t<\/a>\t<\/div>\n\t\t\t\t<\/div>\n\t\t\t\t\t<\/div>\n\t<\/div>\n<\/article>\n\t<\/div>\n\t<\/div>\n\t\t\t\t<\/div>\n\t\t\t\t<\/div>\n\t\t\t\t\t<\/div>\n\t\t<\/div>\n\t\t\t\t\t<\/div>\n\t\t<\/section>\n\t\t\t\t<\/div>\n\t\t","protected":false},"excerpt":{"rendered":"<p>Avasta, miks paberteip on Sinu ettev\u00f5ttele parim valik! Keskkonnas\u00f5bralikumate pakendilahenduste suundumus on \u00fcha enam esile t\u00f5usmas, pannes ettev\u00f5tteid otsima viise, kuidas oma jalaj\u00e4lge v\u00e4hendada ja toetada rohelisi algatusi. \u00dc Lue lis\u00e4\u00e4 K\u00e4rgpaber \u2013 Keskkonnas\u00f5bralik pakendamise valik, mis s\u00e4\u00e4stab kulusid ja v\u00e4hendab j\u00e4\u00e4tmeid Elame ajastul, kus keskkonnas\u00e4\u00e4stlikkus on kujunenud ettev\u00f5tetele ja tarbijatele \u00fclimalt oluliseks prioriteediks. Keskkonnas\u00f5bralike [&hellip;]<\/p>\n","protected":false},"author":1,"featured_media":2888,"parent":0,"menu_order":0,"comment_status":"closed","ping_status":"open","template":"","meta":{"site-sidebar-layout":"no-sidebar","site-content-layout":"content-boxed-container","ast-site-content-layout":"normal-width-container","site-content-style":"boxed","site-sidebar-style":"unboxed","ast-global-header-display":"","ast-banner-title-visibility":"","ast-main-header-display":"","ast-hfb-above-header-display":"","ast-hfb-below-header-display":"","ast-hfb-mobile-header-display":"","site-post-title":"disabled","ast-breadcrumbs-content":"","ast-featured-img":"disabled","footer-sml-layout":"","ast-disable-related-posts":"","theme-transparent-header-meta":"enabled","adv-header-id-meta":"","stick-header-meta":"default","header-above-stick-meta":"","header-main-stick-meta":"","header-below-stick-meta":"","astra-migrate-meta-layouts":"set","ast-page-background-enabled":"default","ast-page-background-meta":{"desktop":{"background-color":"var(--ast-global-color-4)","background-image":"","background-repeat":"repeat","background-position":"center center","background-size":"auto","background-attachment":"scroll","background-type":"","background-media":"","overlay-type":"","overlay-color":"","overlay-opacity":"","overlay-gradient":""},"tablet":{"background-color":"","background-image":"","background-repeat":"repeat","background-position":"center center","background-size":"auto","background-attachment":"scroll","background-type":"","background-media":"","overlay-type":"","overlay-color":"","overlay-opacity":"","overlay-gradient":""},"mobile":{"background-color":"","background-image":"","background-repeat":"repeat","background-position":"center center","background-size":"auto","background-attachment":"scroll","background-type":"","background-media":"","overlay-type":"","overlay-color":"","overlay-opacity":"","overlay-gradient":""}},"ast-content-background-meta":{"desktop":{"background-color":"var(--ast-global-color-5)","background-image":"","background-repeat":"repeat","background-position":"center center","background-size":"auto","background-attachment":"scroll","background-type":"","background-media":"","overlay-type":"","overlay-color":"","overlay-opacity":"","overlay-gradient":""},"tablet":{"background-color":"var(--ast-global-color-5)","background-image":"","background-repeat":"repeat","background-position":"center center","background-size":"auto","background-attachment":"scroll","background-type":"","background-media":"","overlay-type":"","overlay-color":"","overlay-opacity":"","overlay-gradient":""},"mobile":{"background-color":"var(--ast-global-color-5)","background-image":"","background-repeat":"repeat","background-position":"center center","background-size":"auto","background-attachment":"scroll","background-type":"","background-media":"","overlay-type":"","overlay-color":"","overlay-opacity":"","overlay-gradient":""}},"footnotes":""},"class_list":["post-3165","page","type-page","status-publish","has-post-thumbnail","hentry"],"yoast_head":"<!-- This site is optimized with the Yoast SEO plugin v27.3 - https:\/\/yoast.com\/product\/yoast-seo-wordpress\/ -->\n<title>Hy\u00f6dyllist\u00e4 - Lainepapist pakendid &amp; pakkematerjalid\u2503CHW O\u00dc<\/title>\n<meta name=\"description\" content=\"Pakkaaminen on t\u00e4rke\u00e4 osa tuotteen markkinointia ja turvallista toimitusta. Yksi pakkausratkaisu, joka erottuu aina luotettavuutensa ja tehokkuutensa ansiosta, ovat aaltopahvilaatikot.\" \/>\n<meta name=\"robots\" content=\"index, follow, max-snippet:-1, max-image-preview:large, max-video-preview:-1\" \/>\n<link rel=\"canonical\" href=\"https:\/\/chw.ee\/fi\/hyodyllista\/\" \/>\n<meta property=\"og:locale\" content=\"fi_FI\" \/>\n<meta property=\"og:type\" content=\"article\" \/>\n<meta property=\"og:title\" content=\"Hy\u00f6dyllist\u00e4 - Lainepapist pakendid &amp; pakkematerjalid\u2503CHW O\u00dc\" \/>\n<meta property=\"og:description\" content=\"Pakkaaminen on t\u00e4rke\u00e4 osa tuotteen markkinointia ja turvallista toimitusta. Yksi pakkausratkaisu, joka erottuu aina luotettavuutensa ja tehokkuutensa ansiosta, ovat aaltopahvilaatikot.\" \/>\n<meta property=\"og:url\" content=\"https:\/\/chw.ee\/fi\/hyodyllista\/\" \/>\n<meta property=\"og:site_name\" content=\"Lainepapist pakendid &amp; pakkematerjalid\u2503CHW O\u00dc\" \/>\n<meta property=\"article:modified_time\" content=\"2024-02-02T17:10:37+00:00\" \/>\n<meta property=\"og:image\" content=\"https:\/\/chw.ee\/wp-content\/uploads\/2023\/10\/tempImageceo0Pj-scaled.jpg\" \/>\n\t<meta property=\"og:image:width\" content=\"1920\" \/>\n\t<meta property=\"og:image:height\" content=\"2560\" \/>\n\t<meta property=\"og:image:type\" content=\"image\/jpeg\" \/>\n<meta name=\"twitter:card\" content=\"summary_large_image\" \/>\n<meta name=\"twitter:label1\" content=\"Arvioitu lukuaika\" \/>\n\t<meta name=\"twitter:data1\" content=\"1 minuutti\" \/>\n<script type=\"application\/ld+json\" class=\"yoast-schema-graph\">{\"@context\":\"https:\\\/\\\/schema.org\",\"@graph\":[{\"@type\":\"WebPage\",\"@id\":\"https:\\\/\\\/chw.ee\\\/fi\\\/hyodyllista\\\/\",\"url\":\"https:\\\/\\\/chw.ee\\\/fi\\\/hyodyllista\\\/\",\"name\":\"Hy\u00f6dyllist\u00e4 - Lainepapist pakendid &amp; pakkematerjalid\u2503CHW O\u00dc\",\"isPartOf\":{\"@id\":\"https:\\\/\\\/chw.ee\\\/#website\"},\"primaryImageOfPage\":{\"@id\":\"https:\\\/\\\/chw.ee\\\/fi\\\/hyodyllista\\\/#primaryimage\"},\"image\":{\"@id\":\"https:\\\/\\\/chw.ee\\\/fi\\\/hyodyllista\\\/#primaryimage\"},\"thumbnailUrl\":\"https:\\\/\\\/chw.ee\\\/wp-content\\\/uploads\\\/2023\\\/10\\\/tempImageceo0Pj-scaled.jpg\",\"datePublished\":\"2023-07-12T12:07:05+00:00\",\"dateModified\":\"2024-02-02T17:10:37+00:00\",\"description\":\"Pakkaaminen on t\u00e4rke\u00e4 osa tuotteen markkinointia ja turvallista toimitusta. Yksi pakkausratkaisu, joka erottuu aina luotettavuutensa ja tehokkuutensa ansiosta, ovat aaltopahvilaatikot.\",\"breadcrumb\":{\"@id\":\"https:\\\/\\\/chw.ee\\\/fi\\\/hyodyllista\\\/#breadcrumb\"},\"inLanguage\":\"fi\",\"potentialAction\":[{\"@type\":\"ReadAction\",\"target\":[\"https:\\\/\\\/chw.ee\\\/fi\\\/hyodyllista\\\/\"]}]},{\"@type\":\"ImageObject\",\"inLanguage\":\"fi\",\"@id\":\"https:\\\/\\\/chw.ee\\\/fi\\\/hyodyllista\\\/#primaryimage\",\"url\":\"https:\\\/\\\/chw.ee\\\/wp-content\\\/uploads\\\/2023\\\/10\\\/tempImageceo0Pj-scaled.jpg\",\"contentUrl\":\"https:\\\/\\\/chw.ee\\\/wp-content\\\/uploads\\\/2023\\\/10\\\/tempImageceo0Pj-scaled.jpg\",\"width\":1920,\"height\":2560,\"caption\":\"lainepappkast\"},{\"@type\":\"BreadcrumbList\",\"@id\":\"https:\\\/\\\/chw.ee\\\/fi\\\/hyodyllista\\\/#breadcrumb\",\"itemListElement\":[{\"@type\":\"ListItem\",\"position\":1,\"name\":\"Home\",\"item\":\"https:\\\/\\\/chw.ee\\\/\"},{\"@type\":\"ListItem\",\"position\":2,\"name\":\"Hy\u00f6dyllist\u00e4\"}]},{\"@type\":\"WebSite\",\"@id\":\"https:\\\/\\\/chw.ee\\\/#website\",\"url\":\"https:\\\/\\\/chw.ee\\\/\",\"name\":\"Lainepapist pakendid &amp; pakkematerjalid\u2503CHW O\u00dc\",\"description\":\"\",\"publisher\":{\"@id\":\"https:\\\/\\\/chw.ee\\\/#organization\"},\"potentialAction\":[{\"@type\":\"SearchAction\",\"target\":{\"@type\":\"EntryPoint\",\"urlTemplate\":\"https:\\\/\\\/chw.ee\\\/?s={search_term_string}\"},\"query-input\":{\"@type\":\"PropertyValueSpecification\",\"valueRequired\":true,\"valueName\":\"search_term_string\"}}],\"inLanguage\":\"fi\"},{\"@type\":\"Organization\",\"@id\":\"https:\\\/\\\/chw.ee\\\/#organization\",\"name\":\"Lainepapist pakendid &amp; pakkematerjalid\u2503CHW O\u00dc\",\"url\":\"https:\\\/\\\/chw.ee\\\/\",\"logo\":{\"@type\":\"ImageObject\",\"inLanguage\":\"fi\",\"@id\":\"https:\\\/\\\/chw.ee\\\/#\\\/schema\\\/logo\\\/image\\\/\",\"url\":\"https:\\\/\\\/chw.ee\\\/wp-content\\\/uploads\\\/2023\\\/10\\\/cropped-cropped-Black-White-Minimalist-Aesthetic-Initials-Font-Logo-1.png\",\"contentUrl\":\"https:\\\/\\\/chw.ee\\\/wp-content\\\/uploads\\\/2023\\\/10\\\/cropped-cropped-Black-White-Minimalist-Aesthetic-Initials-Font-Logo-1.png\",\"width\":500,\"height\":166,\"caption\":\"Lainepapist pakendid &amp; pakkematerjalid\u2503CHW O\u00dc\"},\"image\":{\"@id\":\"https:\\\/\\\/chw.ee\\\/#\\\/schema\\\/logo\\\/image\\\/\"}}]}<\/script>\n<!-- \/ Yoast SEO plugin. -->","yoast_head_json":{"title":"Hy\u00f6dyllist\u00e4 - Lainepapist pakendid &amp; pakkematerjalid\u2503CHW O\u00dc","description":"Pakkaaminen on t\u00e4rke\u00e4 osa tuotteen markkinointia ja turvallista toimitusta. Yksi pakkausratkaisu, joka erottuu aina luotettavuutensa ja tehokkuutensa ansiosta, ovat aaltopahvilaatikot.","robots":{"index":"index","follow":"follow","max-snippet":"max-snippet:-1","max-image-preview":"max-image-preview:large","max-video-preview":"max-video-preview:-1"},"canonical":"https:\/\/chw.ee\/fi\/hyodyllista\/","og_locale":"fi_FI","og_type":"article","og_title":"Hy\u00f6dyllist\u00e4 - Lainepapist pakendid &amp; pakkematerjalid\u2503CHW O\u00dc","og_description":"Pakkaaminen on t\u00e4rke\u00e4 osa tuotteen markkinointia ja turvallista toimitusta. Yksi pakkausratkaisu, joka erottuu aina luotettavuutensa ja tehokkuutensa ansiosta, ovat aaltopahvilaatikot.","og_url":"https:\/\/chw.ee\/fi\/hyodyllista\/","og_site_name":"Lainepapist pakendid &amp; pakkematerjalid\u2503CHW O\u00dc","article_modified_time":"2024-02-02T17:10:37+00:00","og_image":[{"width":1920,"height":2560,"url":"https:\/\/chw.ee\/wp-content\/uploads\/2023\/10\/tempImageceo0Pj-scaled.jpg","type":"image\/jpeg"}],"twitter_card":"summary_large_image","twitter_misc":{"Arvioitu lukuaika":"1 minuutti"},"schema":{"@context":"https:\/\/schema.org","@graph":[{"@type":"WebPage","@id":"https:\/\/chw.ee\/fi\/hyodyllista\/","url":"https:\/\/chw.ee\/fi\/hyodyllista\/","name":"Hy\u00f6dyllist\u00e4 - Lainepapist pakendid &amp; pakkematerjalid\u2503CHW O\u00dc","isPartOf":{"@id":"https:\/\/chw.ee\/#website"},"primaryImageOfPage":{"@id":"https:\/\/chw.ee\/fi\/hyodyllista\/#primaryimage"},"image":{"@id":"https:\/\/chw.ee\/fi\/hyodyllista\/#primaryimage"},"thumbnailUrl":"https:\/\/chw.ee\/wp-content\/uploads\/2023\/10\/tempImageceo0Pj-scaled.jpg","datePublished":"2023-07-12T12:07:05+00:00","dateModified":"2024-02-02T17:10:37+00:00","description":"Pakkaaminen on t\u00e4rke\u00e4 osa tuotteen markkinointia ja turvallista toimitusta. Yksi pakkausratkaisu, joka erottuu aina luotettavuutensa ja tehokkuutensa ansiosta, ovat aaltopahvilaatikot.","breadcrumb":{"@id":"https:\/\/chw.ee\/fi\/hyodyllista\/#breadcrumb"},"inLanguage":"fi","potentialAction":[{"@type":"ReadAction","target":["https:\/\/chw.ee\/fi\/hyodyllista\/"]}]},{"@type":"ImageObject","inLanguage":"fi","@id":"https:\/\/chw.ee\/fi\/hyodyllista\/#primaryimage","url":"https:\/\/chw.ee\/wp-content\/uploads\/2023\/10\/tempImageceo0Pj-scaled.jpg","contentUrl":"https:\/\/chw.ee\/wp-content\/uploads\/2023\/10\/tempImageceo0Pj-scaled.jpg","width":1920,"height":2560,"caption":"lainepappkast"},{"@type":"BreadcrumbList","@id":"https:\/\/chw.ee\/fi\/hyodyllista\/#breadcrumb","itemListElement":[{"@type":"ListItem","position":1,"name":"Home","item":"https:\/\/chw.ee\/"},{"@type":"ListItem","position":2,"name":"Hy\u00f6dyllist\u00e4"}]},{"@type":"WebSite","@id":"https:\/\/chw.ee\/#website","url":"https:\/\/chw.ee\/","name":"Lainepapist pakendid &amp; pakkematerjalid\u2503CHW O\u00dc","description":"","publisher":{"@id":"https:\/\/chw.ee\/#organization"},"potentialAction":[{"@type":"SearchAction","target":{"@type":"EntryPoint","urlTemplate":"https:\/\/chw.ee\/?s={search_term_string}"},"query-input":{"@type":"PropertyValueSpecification","valueRequired":true,"valueName":"search_term_string"}}],"inLanguage":"fi"},{"@type":"Organization","@id":"https:\/\/chw.ee\/#organization","name":"Lainepapist pakendid &amp; pakkematerjalid\u2503CHW O\u00dc","url":"https:\/\/chw.ee\/","logo":{"@type":"ImageObject","inLanguage":"fi","@id":"https:\/\/chw.ee\/#\/schema\/logo\/image\/","url":"https:\/\/chw.ee\/wp-content\/uploads\/2023\/10\/cropped-cropped-Black-White-Minimalist-Aesthetic-Initials-Font-Logo-1.png","contentUrl":"https:\/\/chw.ee\/wp-content\/uploads\/2023\/10\/cropped-cropped-Black-White-Minimalist-Aesthetic-Initials-Font-Logo-1.png","width":500,"height":166,"caption":"Lainepapist pakendid &amp; pakkematerjalid\u2503CHW O\u00dc"},"image":{"@id":"https:\/\/chw.ee\/#\/schema\/logo\/image\/"}}]}},"_links":{"self":[{"href":"https:\/\/chw.ee\/fi\/wp-json\/wp\/v2\/pages\/3165","targetHints":{"allow":["GET"]}}],"collection":[{"href":"https:\/\/chw.ee\/fi\/wp-json\/wp\/v2\/pages"}],"about":[{"href":"https:\/\/chw.ee\/fi\/wp-json\/wp\/v2\/types\/page"}],"author":[{"embeddable":true,"href":"https:\/\/chw.ee\/fi\/wp-json\/wp\/v2\/users\/1"}],"replies":[{"embeddable":true,"href":"https:\/\/chw.ee\/fi\/wp-json\/wp\/v2\/comments?post=3165"}],"version-history":[{"count":5,"href":"https:\/\/chw.ee\/fi\/wp-json\/wp\/v2\/pages\/3165\/revisions"}],"predecessor-version":[{"id":4995,"href":"https:\/\/chw.ee\/fi\/wp-json\/wp\/v2\/pages\/3165\/revisions\/4995"}],"wp:featuredmedia":[{"embeddable":true,"href":"https:\/\/chw.ee\/fi\/wp-json\/wp\/v2\/media\/2888"}],"wp:attachment":[{"href":"https:\/\/chw.ee\/fi\/wp-json\/wp\/v2\/media?parent=3165"}],"curies":[{"name":"wp","href":"https:\/\/api.w.org\/{rel}","templated":true}]}}