{"id":3141,"date":"2018-11-26T12:45:57","date_gmt":"2018-11-26T12:45:57","guid":{"rendered":"https:\/\/chw.ee\/hinnakysely\/"},"modified":"2023-11-02T08:51:10","modified_gmt":"2023-11-02T08:51:10","slug":"hinnakysely","status":"publish","type":"page","link":"https:\/\/chw.ee\/fi\/hinnakysely\/","title":{"rendered":"Hinnan kysyminen"},"content":{"rendered":"\t\t<div data-elementor-type=\"wp-post\" data-elementor-id=\"3141\" class=\"elementor elementor-3141 elementor-1420\">\n\t\t\t\t\t\t<section class=\"elementor-section elementor-top-section elementor-element elementor-element-678c12e elementor-section-boxed elementor-section-height-default elementor-section-height-default exad-glass-effect-no exad-sticky-section-no\" data-id=\"678c12e\" data-element_type=\"section\" data-e-type=\"section\">\n\t\t\t\t\t\t<div class=\"elementor-container elementor-column-gap-default\">\n\t\t\t\t\t<div class=\"elementor-column elementor-col-100 elementor-top-column elementor-element elementor-element-7e55834 exad-glass-effect-no exad-sticky-section-no\" data-id=\"7e55834\" data-element_type=\"column\" data-e-type=\"column\">\n\t\t\t<div class=\"elementor-widget-wrap elementor-element-populated\">\n\t\t\t\t\t\t<div class=\"elementor-element elementor-element-b04ac73 exad-sticky-section-no exad-glass-effect-no elementor-widget elementor-widget-shortcode\" data-id=\"b04ac73\" data-element_type=\"widget\" data-e-type=\"widget\" data-widget_type=\"shortcode.default\">\n\t\t\t\t<div class=\"elementor-widget-container\">\n\t\t\t\t\t\t\t<div class=\"elementor-shortcode\">\n<\/div>\n\t\t\t\t\t\t<\/div>\n\t\t\t\t<\/div>\n\t\t\t\t\t<\/div>\n\t\t<\/div>\n\t\t\t\t\t<\/div>\n\t\t<\/section>\n\t\t\t\t<section class=\"elementor-section elementor-top-section elementor-element elementor-element-54dfedde elementor-section-content-top elementor-section-boxed elementor-section-height-default elementor-section-height-default exad-glass-effect-no exad-sticky-section-no\" data-id=\"54dfedde\" data-element_type=\"section\" data-e-type=\"section\" data-settings=\"{&quot;background_background&quot;:&quot;classic&quot;}\">\n\t\t\t\t\t\t<div class=\"elementor-container elementor-column-gap-no\">\n\t\t\t\t\t<div class=\"elementor-column elementor-col-50 elementor-top-column elementor-element elementor-element-3b5232b7 exad-glass-effect-no exad-sticky-section-no\" data-id=\"3b5232b7\" data-element_type=\"column\" data-e-type=\"column\">\n\t\t\t<div class=\"elementor-widget-wrap elementor-element-populated\">\n\t\t\t\t\t\t<div class=\"elementor-element elementor-element-ac1409d exad-sticky-section-no exad-glass-effect-no elementor-widget elementor-widget-heading\" data-id=\"ac1409d\" data-element_type=\"widget\" data-e-type=\"widget\" data-widget_type=\"heading.default\">\n\t\t\t\t<div class=\"elementor-widget-container\">\n\t\t\t\t\t<h2 class=\"elementor-heading-title elementor-size-default\">Hinnan kysyminen<\/h2>\t\t\t\t<\/div>\n\t\t\t\t<\/div>\n\t\t\t\t<div class=\"elementor-element elementor-element-48d89661 exad-sticky-section-no exad-glass-effect-no elementor-widget elementor-widget-text-editor\" data-id=\"48d89661\" data-element_type=\"widget\" data-e-type=\"widget\" data-widget_type=\"text-editor.default\">\n\t\t\t\t<div class=\"elementor-widget-container\">\n\t\t\t\t\t\t\t\t\t<p>Olemme t\u00e4\u00e4ll\u00e4 tarjotaksemme sinulle parhaita pakkausratkaisuja. Haluatko saada hintatarjouksen tai lis\u00e4tietoa tarjoamistamme tuotteista? Kysy rohkeasti \u2013 olemme t\u00e4\u00e4ll\u00e4 auttaaksemme sinua.<\/p>\n<p>Kirjoita niin paljon tietoa kuin mahdollista. Samalla sinun ei tarvitse huolehtia \u2013 jos tarvitsemme tietoja, joita et ole maininnut, kysymme itse.<\/p>\n<p>Pyrimme vastaamaan kyselyysi mahdollisimman nopeasti. Tyytyv\u00e4isyys on meille eritt\u00e4in t\u00e4rke\u00e4\u00e4, ja teemme parhaamme tarjotaksemme sinulle parhaan mahdollisen tuotteen.<\/p>\n\t\t\t\t\t\t\t\t<\/div>\n\t\t\t\t<\/div>\n\t\t\t\t\t<\/div>\n\t\t<\/div>\n\t\t\t\t<div class=\"elementor-column elementor-col-50 elementor-top-column elementor-element elementor-element-3cf1fd6 exad-glass-effect-no exad-sticky-section-no\" data-id=\"3cf1fd6\" data-element_type=\"column\" data-e-type=\"column\">\n\t\t\t<div class=\"elementor-widget-wrap elementor-element-populated\">\n\t\t\t\t\t\t<div class=\"elementor-element elementor-element-aaa6eff exad-sticky-section-no exad-glass-effect-no elementor-widget elementor-widget-shortcode\" data-id=\"aaa6eff\" data-element_type=\"widget\" data-e-type=\"widget\" data-widget_type=\"shortcode.default\">\n\t\t\t\t<div class=\"elementor-widget-container\">\n\t\t\t\t\t\t\t<div class=\"elementor-shortcode\"><div class=\"wpforms-container wpforms-container-full\" id=\"wpforms-1436\"><form id=\"wpforms-form-1436\" class=\"wpforms-validate wpforms-form wpforms-ajax-form\" data-formid=\"1436\" method=\"post\" enctype=\"multipart\/form-data\" action=\"\/fi\/wp-json\/wp\/v2\/pages\/3141\" data-token=\"ac479eeb8642f48d629ed575a7fb3a21\" data-token-time=\"1778673142\"><noscript class=\"wpforms-error-noscript\">Please enable JavaScript in your browser to complete this form.<\/noscript><div class=\"wpforms-field-container\"><div id=\"wpforms-1436-field_0-container\" class=\"wpforms-field wpforms-field-name\" data-field-id=\"0\"><label class=\"wpforms-field-label\" for=\"wpforms-1436-field_0\">Sukunimi <span class=\"wpforms-required-label\">*<\/span><\/label><input type=\"text\" id=\"wpforms-1436-field_0\" class=\"wpforms-field-medium wpforms-field-required\" name=\"wpforms[fields][0]\" required><\/div><div id=\"wpforms-1436-field_1-container\" class=\"wpforms-field wpforms-field-email\" data-field-id=\"1\"><label class=\"wpforms-field-label\" for=\"wpforms-1436-field_1\">S\u00e4hk\u00f6postiosoite <span class=\"wpforms-required-label\">*<\/span><\/label><input type=\"email\" id=\"wpforms-1436-field_1\" class=\"wpforms-field-medium wpforms-field-required\" name=\"wpforms[fields][1]\" spellcheck=\"false\" required><\/div><div id=\"wpforms-1436-field_2-container\" class=\"wpforms-field wpforms-field-textarea\" data-field-id=\"2\"><label class=\"wpforms-field-label\" for=\"wpforms-1436-field_2\">Viesti <span class=\"wpforms-required-label\">*<\/span><\/label><textarea id=\"wpforms-1436-field_2\" class=\"wpforms-field-medium wpforms-field-required\" name=\"wpforms[fields][2]\" required><\/textarea><\/div><\/div><!-- .wpforms-field-container --><div class=\"wpforms-recaptcha-container wpforms-is-hcaptcha\" ><div class=\"h-captcha\" data-sitekey=\"a86c93c6-7c6e-4e42-827c-f92e6524ab06\"><\/div><input type=\"text\" name=\"g-recaptcha-hidden\" class=\"wpforms-recaptcha-hidden\" style=\"position:absolute!important;clip:rect(0,0,0,0)!important;height:1px!important;width:1px!important;border:0!important;overflow:hidden!important;padding:0!important;margin:0!important;\" data-rule-hcaptcha=\"1\"><\/div><div class=\"wpforms-submit-container\" ><input type=\"hidden\" name=\"wpforms[id]\" value=\"1436\"><input type=\"hidden\" name=\"page_title\" value=\"\"><input type=\"hidden\" name=\"page_url\" value=\"https:\/\/chw.ee\/fi\/wp-json\/wp\/v2\/pages\/3141\"><input type=\"hidden\" name=\"url_referer\" value=\"\"><button type=\"submit\" name=\"wpforms[submit]\" id=\"wpforms-submit-1436\" class=\"wpforms-submit\" data-alt-text=\"L\u00e4hetet\u00e4\u00e4n...\n\" data-submit-text=\"L\u00e4het\u00e4\" aria-live=\"assertive\" value=\"wpforms-submit\">L\u00e4het\u00e4<\/button><img decoding=\"async\" src=\"https:\/\/chw.ee\/wp-content\/plugins\/wpforms-lite\/assets\/images\/submit-spin.svg\" class=\"wpforms-submit-spinner\" style=\"display: none;\" width=\"26\" height=\"26\" alt=\"Loading\"><\/div><\/form><\/div>  <!-- .wpforms-container --><\/div>\n\t\t\t\t\t\t<\/div>\n\t\t\t\t<\/div>\n\t\t\t\t\t<\/div>\n\t\t<\/div>\n\t\t\t\t\t<\/div>\n\t\t<\/section>\n\t\t\t\t<\/div>\n\t\t","protected":false},"excerpt":{"rendered":"<p>Hinnan kysyminen Olemme t\u00e4\u00e4ll\u00e4 tarjotaksemme sinulle parhaita pakkausratkaisuja. Haluatko saada hintatarjouksen tai lis\u00e4tietoa tarjoamistamme tuotteista? Kysy rohkeasti \u2013 olemme t\u00e4\u00e4ll\u00e4 auttaaksemme sinua. Kirjoita niin paljon tietoa kuin mahdollista. Samalla sinun ei tarvitse huolehtia \u2013 jos tarvitsemme tietoja, joita et ole maininnut, kysymme itse. Pyrimme vastaamaan kyselyysi mahdollisimman nopeasti. Tyytyv\u00e4isyys on meille eritt\u00e4in t\u00e4rke\u00e4\u00e4, ja teemme [&hellip;]<\/p>\n","protected":false},"author":1,"featured_media":0,"parent":0,"menu_order":0,"comment_status":"closed","ping_status":"closed","template":"","meta":{"site-sidebar-layout":"no-sidebar","site-content-layout":"page-builder","ast-site-content-layout":"default","site-content-style":"default","site-sidebar-style":"default","ast-global-header-display":"","ast-banner-title-visibility":"","ast-main-header-display":"","ast-hfb-above-header-display":"","ast-hfb-below-header-display":"","ast-hfb-mobile-header-display":"","site-post-title":"disabled","ast-breadcrumbs-content":"","ast-featured-img":"disabled","footer-sml-layout":"","ast-disable-related-posts":"","theme-transparent-header-meta":"enabled","adv-header-id-meta":"","stick-header-meta":"default","header-above-stick-meta":"","header-main-stick-meta":"","header-below-stick-meta":"","astra-migrate-meta-layouts":"default","ast-page-background-enabled":"default","ast-page-background-meta":{"desktop":{"background-color":"var(--ast-global-color-4)","background-image":"","background-repeat":"repeat","background-position":"center center","background-size":"auto","background-attachment":"scroll","background-type":"","background-media":"","overlay-type":"","overlay-color":"","overlay-opacity":"","overlay-gradient":""},"tablet":{"background-color":"","background-image":"","background-repeat":"repeat","background-position":"center center","background-size":"auto","background-attachment":"scroll","background-type":"","background-media":"","overlay-type":"","overlay-color":"","overlay-opacity":"","overlay-gradient":""},"mobile":{"background-color":"","background-image":"","background-repeat":"repeat","background-position":"center center","background-size":"auto","background-attachment":"scroll","background-type":"","background-media":"","overlay-type":"","overlay-color":"","overlay-opacity":"","overlay-gradient":""}},"ast-content-background-meta":{"desktop":{"background-color":"var(--ast-global-color-5)","background-image":"","background-repeat":"repeat","background-position":"center center","background-size":"auto","background-attachment":"scroll","background-type":"","background-media":"","overlay-type":"","overlay-color":"","overlay-opacity":"","overlay-gradient":""},"tablet":{"background-color":"var(--ast-global-color-5)","background-image":"","background-repeat":"repeat","background-position":"center center","background-size":"auto","background-attachment":"scroll","background-type":"","background-media":"","overlay-type":"","overlay-color":"","overlay-opacity":"","overlay-gradient":""},"mobile":{"background-color":"var(--ast-global-color-5)","background-image":"","background-repeat":"repeat","background-position":"center center","background-size":"auto","background-attachment":"scroll","background-type":"","background-media":"","overlay-type":"","overlay-color":"","overlay-opacity":"","overlay-gradient":""}},"footnotes":""},"class_list":["post-3141","page","type-page","status-publish","hentry"],"yoast_head":"<!-- This site is optimized with the Yoast SEO plugin v27.3 - https:\/\/yoast.com\/product\/yoast-seo-wordpress\/ -->\n<title>Hinnan kysyminen - Lainepapist pakendid &amp; pakkematerjalid\u2503CHW O\u00dc<\/title>\n<meta name=\"robots\" content=\"index, follow, max-snippet:-1, max-image-preview:large, max-video-preview:-1\" \/>\n<link rel=\"canonical\" href=\"https:\/\/chw.ee\/hinnaparing\/\" \/>\n<meta property=\"og:locale\" content=\"fi_FI\" \/>\n<meta property=\"og:type\" content=\"article\" \/>\n<meta property=\"og:title\" content=\"Hinnan kysyminen - Lainepapist pakendid &amp; pakkematerjalid\u2503CHW O\u00dc\" \/>\n<meta property=\"og:description\" content=\"Hinnan kysyminen Olemme t\u00e4\u00e4ll\u00e4 tarjotaksemme sinulle parhaita pakkausratkaisuja. Haluatko saada hintatarjouksen tai lis\u00e4tietoa tarjoamistamme tuotteista? Kysy rohkeasti \u2013 olemme t\u00e4\u00e4ll\u00e4 auttaaksemme sinua. Kirjoita niin paljon tietoa kuin mahdollista. Samalla sinun ei tarvitse huolehtia \u2013 jos tarvitsemme tietoja, joita et ole maininnut, kysymme itse. Pyrimme vastaamaan kyselyysi mahdollisimman nopeasti. Tyytyv\u00e4isyys on meille eritt\u00e4in t\u00e4rke\u00e4\u00e4, ja teemme [&hellip;]\" \/>\n<meta property=\"og:url\" content=\"https:\/\/chw.ee\/hinnaparing\/\" \/>\n<meta property=\"og:site_name\" content=\"Lainepapist pakendid &amp; pakkematerjalid\u2503CHW O\u00dc\" \/>\n<meta property=\"article:modified_time\" content=\"2023-11-02T08:51:10+00:00\" \/>\n<meta name=\"twitter:card\" content=\"summary_large_image\" \/>\n<script type=\"application\/ld+json\" class=\"yoast-schema-graph\">{\"@context\":\"https:\\\/\\\/schema.org\",\"@graph\":[{\"@type\":\"WebPage\",\"@id\":\"https:\\\/\\\/chw.ee\\\/hinnaparing\\\/\",\"url\":\"https:\\\/\\\/chw.ee\\\/hinnaparing\\\/\",\"name\":\"Hinnan kysyminen - Lainepapist pakendid &amp; pakkematerjalid\u2503CHW O\u00dc\",\"isPartOf\":{\"@id\":\"https:\\\/\\\/chw.ee\\\/#website\"},\"datePublished\":\"2018-11-26T12:45:57+00:00\",\"dateModified\":\"2023-11-02T08:51:10+00:00\",\"breadcrumb\":{\"@id\":\"https:\\\/\\\/chw.ee\\\/hinnaparing\\\/#breadcrumb\"},\"inLanguage\":\"fi\",\"potentialAction\":[{\"@type\":\"ReadAction\",\"target\":[\"https:\\\/\\\/chw.ee\\\/hinnaparing\\\/\"]}]},{\"@type\":\"BreadcrumbList\",\"@id\":\"https:\\\/\\\/chw.ee\\\/hinnaparing\\\/#breadcrumb\",\"itemListElement\":[{\"@type\":\"ListItem\",\"position\":1,\"name\":\"Home\",\"item\":\"https:\\\/\\\/chw.ee\\\/\"},{\"@type\":\"ListItem\",\"position\":2,\"name\":\"Hinnan kysyminen\"}]},{\"@type\":\"WebSite\",\"@id\":\"https:\\\/\\\/chw.ee\\\/#website\",\"url\":\"https:\\\/\\\/chw.ee\\\/\",\"name\":\"Lainepapist pakendid &amp; pakkematerjalid\u2503CHW O\u00dc\",\"description\":\"\",\"publisher\":{\"@id\":\"https:\\\/\\\/chw.ee\\\/#organization\"},\"potentialAction\":[{\"@type\":\"SearchAction\",\"target\":{\"@type\":\"EntryPoint\",\"urlTemplate\":\"https:\\\/\\\/chw.ee\\\/?s={search_term_string}\"},\"query-input\":{\"@type\":\"PropertyValueSpecification\",\"valueRequired\":true,\"valueName\":\"search_term_string\"}}],\"inLanguage\":\"fi\"},{\"@type\":\"Organization\",\"@id\":\"https:\\\/\\\/chw.ee\\\/#organization\",\"name\":\"Lainepapist pakendid &amp; pakkematerjalid\u2503CHW O\u00dc\",\"url\":\"https:\\\/\\\/chw.ee\\\/\",\"logo\":{\"@type\":\"ImageObject\",\"inLanguage\":\"fi\",\"@id\":\"https:\\\/\\\/chw.ee\\\/#\\\/schema\\\/logo\\\/image\\\/\",\"url\":\"https:\\\/\\\/chw.ee\\\/wp-content\\\/uploads\\\/2023\\\/10\\\/cropped-cropped-Black-White-Minimalist-Aesthetic-Initials-Font-Logo-1.png\",\"contentUrl\":\"https:\\\/\\\/chw.ee\\\/wp-content\\\/uploads\\\/2023\\\/10\\\/cropped-cropped-Black-White-Minimalist-Aesthetic-Initials-Font-Logo-1.png\",\"width\":500,\"height\":166,\"caption\":\"Lainepapist pakendid &amp; pakkematerjalid\u2503CHW O\u00dc\"},\"image\":{\"@id\":\"https:\\\/\\\/chw.ee\\\/#\\\/schema\\\/logo\\\/image\\\/\"}}]}<\/script>\n<!-- \/ Yoast SEO plugin. -->","yoast_head_json":{"title":"Hinnan kysyminen - Lainepapist pakendid &amp; pakkematerjalid\u2503CHW O\u00dc","robots":{"index":"index","follow":"follow","max-snippet":"max-snippet:-1","max-image-preview":"max-image-preview:large","max-video-preview":"max-video-preview:-1"},"canonical":"https:\/\/chw.ee\/hinnaparing\/","og_locale":"fi_FI","og_type":"article","og_title":"Hinnan kysyminen - Lainepapist pakendid &amp; pakkematerjalid\u2503CHW O\u00dc","og_description":"Hinnan kysyminen Olemme t\u00e4\u00e4ll\u00e4 tarjotaksemme sinulle parhaita pakkausratkaisuja. Haluatko saada hintatarjouksen tai lis\u00e4tietoa tarjoamistamme tuotteista? Kysy rohkeasti \u2013 olemme t\u00e4\u00e4ll\u00e4 auttaaksemme sinua. Kirjoita niin paljon tietoa kuin mahdollista. Samalla sinun ei tarvitse huolehtia \u2013 jos tarvitsemme tietoja, joita et ole maininnut, kysymme itse. Pyrimme vastaamaan kyselyysi mahdollisimman nopeasti. Tyytyv\u00e4isyys on meille eritt\u00e4in t\u00e4rke\u00e4\u00e4, ja teemme [&hellip;]","og_url":"https:\/\/chw.ee\/hinnaparing\/","og_site_name":"Lainepapist pakendid &amp; pakkematerjalid\u2503CHW O\u00dc","article_modified_time":"2023-11-02T08:51:10+00:00","twitter_card":"summary_large_image","schema":{"@context":"https:\/\/schema.org","@graph":[{"@type":"WebPage","@id":"https:\/\/chw.ee\/hinnaparing\/","url":"https:\/\/chw.ee\/hinnaparing\/","name":"Hinnan kysyminen - Lainepapist pakendid &amp; pakkematerjalid\u2503CHW O\u00dc","isPartOf":{"@id":"https:\/\/chw.ee\/#website"},"datePublished":"2018-11-26T12:45:57+00:00","dateModified":"2023-11-02T08:51:10+00:00","breadcrumb":{"@id":"https:\/\/chw.ee\/hinnaparing\/#breadcrumb"},"inLanguage":"fi","potentialAction":[{"@type":"ReadAction","target":["https:\/\/chw.ee\/hinnaparing\/"]}]},{"@type":"BreadcrumbList","@id":"https:\/\/chw.ee\/hinnaparing\/#breadcrumb","itemListElement":[{"@type":"ListItem","position":1,"name":"Home","item":"https:\/\/chw.ee\/"},{"@type":"ListItem","position":2,"name":"Hinnan kysyminen"}]},{"@type":"WebSite","@id":"https:\/\/chw.ee\/#website","url":"https:\/\/chw.ee\/","name":"Lainepapist pakendid &amp; pakkematerjalid\u2503CHW O\u00dc","description":"","publisher":{"@id":"https:\/\/chw.ee\/#organization"},"potentialAction":[{"@type":"SearchAction","target":{"@type":"EntryPoint","urlTemplate":"https:\/\/chw.ee\/?s={search_term_string}"},"query-input":{"@type":"PropertyValueSpecification","valueRequired":true,"valueName":"search_term_string"}}],"inLanguage":"fi"},{"@type":"Organization","@id":"https:\/\/chw.ee\/#organization","name":"Lainepapist pakendid &amp; pakkematerjalid\u2503CHW O\u00dc","url":"https:\/\/chw.ee\/","logo":{"@type":"ImageObject","inLanguage":"fi","@id":"https:\/\/chw.ee\/#\/schema\/logo\/image\/","url":"https:\/\/chw.ee\/wp-content\/uploads\/2023\/10\/cropped-cropped-Black-White-Minimalist-Aesthetic-Initials-Font-Logo-1.png","contentUrl":"https:\/\/chw.ee\/wp-content\/uploads\/2023\/10\/cropped-cropped-Black-White-Minimalist-Aesthetic-Initials-Font-Logo-1.png","width":500,"height":166,"caption":"Lainepapist pakendid &amp; pakkematerjalid\u2503CHW O\u00dc"},"image":{"@id":"https:\/\/chw.ee\/#\/schema\/logo\/image\/"}}]}},"_links":{"self":[{"href":"https:\/\/chw.ee\/fi\/wp-json\/wp\/v2\/pages\/3141","targetHints":{"allow":["GET"]}}],"collection":[{"href":"https:\/\/chw.ee\/fi\/wp-json\/wp\/v2\/pages"}],"about":[{"href":"https:\/\/chw.ee\/fi\/wp-json\/wp\/v2\/types\/page"}],"author":[{"embeddable":true,"href":"https:\/\/chw.ee\/fi\/wp-json\/wp\/v2\/users\/1"}],"replies":[{"embeddable":true,"href":"https:\/\/chw.ee\/fi\/wp-json\/wp\/v2\/comments?post=3141"}],"version-history":[{"count":5,"href":"https:\/\/chw.ee\/fi\/wp-json\/wp\/v2\/pages\/3141\/revisions"}],"predecessor-version":[{"id":4624,"href":"https:\/\/chw.ee\/fi\/wp-json\/wp\/v2\/pages\/3141\/revisions\/4624"}],"wp:attachment":[{"href":"https:\/\/chw.ee\/fi\/wp-json\/wp\/v2\/media?parent=3141"}],"curies":[{"name":"wp","href":"https:\/\/api.w.org\/{rel}","templated":true}]}}