{"id":3189,"date":"2018-11-26T12:47:06","date_gmt":"2018-11-26T12:47:06","guid":{"rendered":"https:\/\/chw.ee\/contact\/"},"modified":"2023-11-02T09:01:19","modified_gmt":"2023-11-02T09:01:19","slug":"contact","status":"publish","type":"page","link":"https:\/\/chw.ee\/en\/contact\/","title":{"rendered":"Contact us"},"content":{"rendered":"\t\t<div data-elementor-type=\"wp-post\" data-elementor-id=\"3189\" class=\"elementor elementor-3189 elementor-1423\">\n\t\t\t\t\t\t<section class=\"elementor-section elementor-top-section elementor-element elementor-element-1bd3650 elementor-section-boxed elementor-section-height-default elementor-section-height-default exad-glass-effect-no exad-sticky-section-no\" data-id=\"1bd3650\" data-element_type=\"section\" data-e-type=\"section\">\n\t\t\t\t\t\t<div class=\"elementor-container elementor-column-gap-default\">\n\t\t\t\t\t<div class=\"elementor-column elementor-col-100 elementor-top-column elementor-element elementor-element-0591a75 exad-glass-effect-no exad-sticky-section-no\" data-id=\"0591a75\" data-element_type=\"column\" data-e-type=\"column\">\n\t\t\t<div class=\"elementor-widget-wrap elementor-element-populated\">\n\t\t\t\t\t\t<div class=\"elementor-element elementor-element-86d8c47 exad-sticky-section-no exad-glass-effect-no elementor-widget elementor-widget-shortcode\" data-id=\"86d8c47\" data-element_type=\"widget\" data-e-type=\"widget\" data-widget_type=\"shortcode.default\">\n\t\t\t\t<div class=\"elementor-widget-container\">\n\t\t\t\t\t\t\t<div class=\"elementor-shortcode\"><\/div>\n\t\t\t\t\t\t<\/div>\n\t\t\t\t<\/div>\n\t\t\t\t\t<\/div>\n\t\t<\/div>\n\t\t\t\t\t<\/div>\n\t\t<\/section>\n\t\t\t\t<section class=\"elementor-section elementor-top-section elementor-element elementor-element-cbe0759 elementor-section-boxed elementor-section-height-default elementor-section-height-default exad-glass-effect-no exad-sticky-section-no\" data-id=\"cbe0759\" data-element_type=\"section\" data-e-type=\"section\">\n\t\t\t\t\t\t<div class=\"elementor-container elementor-column-gap-default\">\n\t\t\t\t\t<div class=\"elementor-column elementor-col-100 elementor-top-column elementor-element elementor-element-d25641c exad-glass-effect-no exad-sticky-section-no\" data-id=\"d25641c\" data-element_type=\"column\" data-e-type=\"column\">\n\t\t\t<div class=\"elementor-widget-wrap elementor-element-populated\">\n\t\t\t\t\t\t<div class=\"elementor-element elementor-element-5dd6df15 exad-sticky-section-no exad-glass-effect-no elementor-widget elementor-widget-heading\" data-id=\"5dd6df15\" data-element_type=\"widget\" data-e-type=\"widget\" data-widget_type=\"heading.default\">\n\t\t\t\t<div class=\"elementor-widget-container\">\n\t\t\t\t\t<h2 class=\"elementor-heading-title elementor-size-default\">Contact us<\/h2>\t\t\t\t<\/div>\n\t\t\t\t<\/div>\n\t\t\t\t<div class=\"elementor-element elementor-element-2cc856f5 elementor-widget__width-initial exad-sticky-section-no exad-glass-effect-no elementor-widget elementor-widget-text-editor\" data-id=\"2cc856f5\" data-element_type=\"widget\" data-e-type=\"widget\" data-widget_type=\"text-editor.default\">\n\t\t\t\t<div class=\"elementor-widget-container\">\n\t\t\t\t\t\t\t\t\t<div style=\"box-sizing: inherit; caret-color: #3e4964; color: #3e4964; font-family: Ubuntu, sans-serif; font-size: 15px; text-align: center;\"><span style=\"color: #000000;\"><strong style=\"box-sizing: inherit;\"><i>CHW O\u00dc<\/i><\/strong><\/span><\/div>\n<div style=\"box-sizing: inherit; caret-color: #3e4964; color: #3e4964; font-family: Ubuntu, sans-serif; font-size: 15px; text-align: center;\"><i><span style=\"color: #000000;\">Address: Lauda tee, Kohatu K\u00fcla, Harju maakond, Eesti<\/span><br \/><span style=\"color: #000000;\">Registration number: 11877166<\/span><\/i><\/div>\n<div style=\"box-sizing: inherit; caret-color: #3e4964; color: #3e4964; font-family: Ubuntu, sans-serif; font-size: 15px; text-align: center;\"><span style=\"color: #000000;\"><i>KMKR: EE101364360<\/i><\/span><\/div>\n\t\t\t\t\t\t\t\t<\/div>\n\t\t\t\t<\/div>\n\t\t\t\t\t<\/div>\n\t\t<\/div>\n\t\t\t\t\t<\/div>\n\t\t<\/section>\n\t\t\t\t<section class=\"elementor-section elementor-top-section elementor-element elementor-element-b07b7ce elementor-section-boxed elementor-section-height-default elementor-section-height-default exad-glass-effect-no exad-sticky-section-no\" data-id=\"b07b7ce\" data-element_type=\"section\" data-e-type=\"section\">\n\t\t\t\t\t\t<div class=\"elementor-container elementor-column-gap-default\">\n\t\t\t\t\t<div class=\"elementor-column elementor-col-50 elementor-top-column elementor-element elementor-element-38ad479 exad-glass-effect-no exad-sticky-section-no\" data-id=\"38ad479\" data-element_type=\"column\" data-e-type=\"column\">\n\t\t\t<div class=\"elementor-widget-wrap elementor-element-populated\">\n\t\t\t\t\t\t<div class=\"elementor-element elementor-element-5a260db elementor-shape-circle uael-shape-circle uael-member-image-pos-above uael-team-member-align-center exad-sticky-section-no exad-glass-effect-no elementor-widget elementor-widget-uael-team-member\" data-id=\"5a260db\" data-element_type=\"widget\" data-e-type=\"widget\" data-widget_type=\"uael-team-member.default\">\n\t\t\t\t<div class=\"elementor-widget-container\">\n\t\t\t\t\t\t\t<div class=\"uael-team-member\">\n\t\t\t<div class = \"uael-team-member-wrap\" >\n\t\t\t\t<div class=\"uael-member-wrap\" >\n\t\t\t\t\t\t\t\t\t\t\t\t\t\t\t<div class=\"uael-team-member-content\">\n\t\t\t\t\t\t\t\t\t\t\t<div class=\"uael-team-member-name\">\n\t\t\t\t\t\t<h3 class=\"uael-team-name\">Vahur Herm<\/h3>\t\t\t\t\t\t<\/div>\n\t\t\t\t\t\t\t\t\t\t\t\t<div class=\"uael-separator-wrapper\">\n\t\t\t<span class=\"uael-separator\"><\/span>\n\t\t<\/div>\n\t\t\t\t\t\t\t\t\t\t\t\t\t\t\t\t\t\t\t\t\t\t\t\t\t\t\t\t\t<div class=\"uael-team-member-desc\">\n\t\t\t\t\t\t\t<div class=\"uael-team-desc\">Tel: +3725155167 <br>\nE-mail: vahur.herm@chw.ee<\/div>\n\t\t\t\t\t\t<\/div>\n\t\t\t\t\t\t\t\t\t\t\t\t\t\t\t\t\t\t\t\t\t<div class=\"elementor-social-icons-wrapper\">\n\t\t\t\t\t\t\t<div class=\"uael-team-social-icon\">\n\t\t\t\t\t\t\t\t\t\t\t\t\t\t\t\t<a class=\"elementor-icon elementor-social-icon elementor-social-icon-icon-phone-call elementor-animation- elementor-repeater-item-e55f2b6\" href=\"tel:+5155167\" target=\"_blank\" aria-label=\"Icon-phone-call\">\n\t\t\t\t\t\t\t\t\t\t<i class=\"feather icon-phone-call\"><\/i>\t\t\t\t\t\t\t\t\t<\/a>\n\t\t\t\t\t\t\t\t\t\t\t\t\t\t\t\t\t\t\t\t\t\t\t\t\t<a class=\"elementor-icon elementor-social-icon elementor-social-icon-icon-mail elementor-animation- elementor-repeater-item-9edfec2\" href=\"mailto:vahur.herm@chw.ee\" target=\"_blank\" aria-label=\"Icon-mail\">\n\t\t\t\t\t\t\t\t\t\t<i class=\"feather icon-mail\"><\/i>\t\t\t\t\t\t\t\t\t<\/a>\n\t\t\t\t\t\t\t\t\t\t\t\t\t\t\t\t\t\t\t\t\t\t\t<\/div>\n\t\t\t\t\t\t<\/div>\n\t\t\t\t\t\t\t\t\t<\/div>\n\t\t\t<\/div>\n\t\t<\/div>\n\t<\/div>\n\t\t\t\t\t\t<\/div>\n\t\t\t\t<\/div>\n\t\t\t\t\t<\/div>\n\t\t<\/div>\n\t\t\t\t<div class=\"elementor-column elementor-col-50 elementor-top-column elementor-element elementor-element-ac73eed exad-glass-effect-no exad-sticky-section-no\" data-id=\"ac73eed\" data-element_type=\"column\" data-e-type=\"column\">\n\t\t\t<div class=\"elementor-widget-wrap elementor-element-populated\">\n\t\t\t\t\t\t<div class=\"elementor-element elementor-element-f0c2f58 elementor-shape-circle uael-shape-circle uael-member-image-pos-above uael-team-member-align-center exad-sticky-section-no exad-glass-effect-no elementor-widget elementor-widget-uael-team-member\" data-id=\"f0c2f58\" data-element_type=\"widget\" data-e-type=\"widget\" data-widget_type=\"uael-team-member.default\">\n\t\t\t\t<div class=\"elementor-widget-container\">\n\t\t\t\t\t\t\t<div class=\"uael-team-member\">\n\t\t\t<div class = \"uael-team-member-wrap\" >\n\t\t\t\t<div class=\"uael-member-wrap\" >\n\t\t\t\t\t\t\t\t\t\t\t\t\t\t\t<div class=\"uael-team-member-content\">\n\t\t\t\t\t\t\t\t\t\t\t<div class=\"uael-team-member-name\">\n\t\t\t\t\t\t<h3 class=\"uael-team-name\">Clelia Herm<\/h3>\t\t\t\t\t\t<\/div>\n\t\t\t\t\t\t\t\t\t\t\t\t<div class=\"uael-separator-wrapper\">\n\t\t\t<span class=\"uael-separator\"><\/span>\n\t\t<\/div>\n\t\t\t\t\t\t\t\t\t\t\t\t\t\t\t\t\t\t\t\t\t\t\t\t\t\t\t\t\t<div class=\"uael-team-member-desc\">\n\t\t\t\t\t\t\t<div class=\"uael-team-desc\">E-mail: clelia.herm@chw.ee<\/div>\n\t\t\t\t\t\t<\/div>\n\t\t\t\t\t\t\t\t\t\t\t\t\t\t\t\t\t\t\t\t\t<div class=\"elementor-social-icons-wrapper\">\n\t\t\t\t\t\t\t<div class=\"uael-team-social-icon\">\n\t\t\t\t\t\t\t\t\t\t\t\t\t\t\t\t<a class=\"elementor-icon elementor-social-icon elementor-social-icon-icon-mail elementor-animation- elementor-repeater-item-62c884d\" href=\"mailto:clelia.herm@chw.ee\" target=\"_blank\" aria-label=\"Icon-mail\">\n\t\t\t\t\t\t\t\t\t\t<i class=\"feather icon-mail\"><\/i>\t\t\t\t\t\t\t\t\t<\/a>\n\t\t\t\t\t\t\t\t\t\t\t\t\t\t\t\t\t\t\t\t\t\t\t<\/div>\n\t\t\t\t\t\t<\/div>\n\t\t\t\t\t\t\t\t\t<\/div>\n\t\t\t<\/div>\n\t\t<\/div>\n\t<\/div>\n\t\t\t\t\t\t<\/div>\n\t\t\t\t<\/div>\n\t\t\t\t\t<\/div>\n\t\t<\/div>\n\t\t\t\t\t<\/div>\n\t\t<\/section>\n\t\t\t\t<section class=\"elementor-section elementor-top-section elementor-element elementor-element-c44c476 elementor-section-boxed elementor-section-height-default elementor-section-height-default exad-glass-effect-no exad-sticky-section-no\" data-id=\"c44c476\" data-element_type=\"section\" data-e-type=\"section\">\n\t\t\t\t\t\t<div class=\"elementor-container elementor-column-gap-default\">\n\t\t\t\t\t<div class=\"elementor-column elementor-col-100 elementor-top-column elementor-element elementor-element-4ce44fc exad-glass-effect-no exad-sticky-section-no\" data-id=\"4ce44fc\" data-element_type=\"column\" data-e-type=\"column\">\n\t\t\t<div class=\"elementor-widget-wrap elementor-element-populated\">\n\t\t\t\t\t\t<div class=\"elementor-element elementor-element-33b27d4 exad-sticky-section-no exad-glass-effect-no elementor-widget elementor-widget-google_maps\" data-id=\"33b27d4\" data-element_type=\"widget\" data-e-type=\"widget\" data-widget_type=\"google_maps.default\">\n\t\t\t\t<div class=\"elementor-widget-container\">\n\t\t\t\t\t\t\t<div class=\"elementor-custom-embed\">\n\t\t\t<iframe loading=\"lazy\"\n\t\t\t\t\tsrc=\"https:\/\/maps.google.com\/maps?q=chw%20o%C3%BC&#038;t=m&#038;z=11&#038;output=embed&#038;iwloc=near\"\n\t\t\t\t\ttitle=\"chw o\u00fc\"\n\t\t\t\t\taria-label=\"chw o\u00fc\"\n\t\t\t><\/iframe>\n\t\t<\/div>\n\t\t\t\t\t\t<\/div>\n\t\t\t\t<\/div>\n\t\t\t\t\t<\/div>\n\t\t<\/div>\n\t\t\t\t\t<\/div>\n\t\t<\/section>\n\t\t\t\t<\/div>\n\t\t","protected":false},"excerpt":{"rendered":"<p>Contact us CHW O\u00dc Address: Lauda tee, Kohatu K\u00fcla, Harju maakond, EestiRegistration number: 11877166 KMKR: EE101364360 Vahur Herm Tel: +3725155167 E-mail: vahur.herm@chw.ee Icon-phone-call Icon-mail Clelia Herm E-mail: clelia.herm@chw.ee Icon-mail<\/p>\n","protected":false},"author":1,"featured_media":0,"parent":0,"menu_order":0,"comment_status":"closed","ping_status":"closed","template":"","meta":{"site-sidebar-layout":"no-sidebar","site-content-layout":"page-builder","ast-site-content-layout":"default","site-content-style":"default","site-sidebar-style":"default","ast-global-header-display":"","ast-banner-title-visibility":"","ast-main-header-display":"","ast-hfb-above-header-display":"","ast-hfb-below-header-display":"","ast-hfb-mobile-header-display":"","site-post-title":"disabled","ast-breadcrumbs-content":"","ast-featured-img":"disabled","footer-sml-layout":"","ast-disable-related-posts":"","theme-transparent-header-meta":"enabled","adv-header-id-meta":"","stick-header-meta":"default","header-above-stick-meta":"","header-main-stick-meta":"","header-below-stick-meta":"","astra-migrate-meta-layouts":"default","ast-page-background-enabled":"default","ast-page-background-meta":{"desktop":{"background-color":"var(--ast-global-color-4)","background-image":"","background-repeat":"repeat","background-position":"center center","background-size":"auto","background-attachment":"scroll","background-type":"","background-media":"","overlay-type":"","overlay-color":"","overlay-opacity":"","overlay-gradient":""},"tablet":{"background-color":"","background-image":"","background-repeat":"repeat","background-position":"center center","background-size":"auto","background-attachment":"scroll","background-type":"","background-media":"","overlay-type":"","overlay-color":"","overlay-opacity":"","overlay-gradient":""},"mobile":{"background-color":"","background-image":"","background-repeat":"repeat","background-position":"center center","background-size":"auto","background-attachment":"scroll","background-type":"","background-media":"","overlay-type":"","overlay-color":"","overlay-opacity":"","overlay-gradient":""}},"ast-content-background-meta":{"desktop":{"background-color":"var(--ast-global-color-5)","background-image":"","background-repeat":"repeat","background-position":"center center","background-size":"auto","background-attachment":"scroll","background-type":"","background-media":"","overlay-type":"","overlay-color":"","overlay-opacity":"","overlay-gradient":""},"tablet":{"background-color":"var(--ast-global-color-5)","background-image":"","background-repeat":"repeat","background-position":"center center","background-size":"auto","background-attachment":"scroll","background-type":"","background-media":"","overlay-type":"","overlay-color":"","overlay-opacity":"","overlay-gradient":""},"mobile":{"background-color":"var(--ast-global-color-5)","background-image":"","background-repeat":"repeat","background-position":"center center","background-size":"auto","background-attachment":"scroll","background-type":"","background-media":"","overlay-type":"","overlay-color":"","overlay-opacity":"","overlay-gradient":""}},"footnotes":""},"class_list":["post-3189","page","type-page","status-publish","hentry"],"yoast_head":"<!-- This site is optimized with the Yoast SEO plugin v27.1.1 - https:\/\/yoast.com\/product\/yoast-seo-wordpress\/ -->\n<title>Contact us - Lainepapist pakendid &amp; pakkematerjalid\u2503CHW O\u00dc<\/title>\n<meta name=\"robots\" content=\"index, follow, max-snippet:-1, max-image-preview:large, max-video-preview:-1\" \/>\n<link rel=\"canonical\" href=\"https:\/\/chw.ee\/kontakt\/\" \/>\n<meta property=\"og:locale\" content=\"en_US\" \/>\n<meta property=\"og:type\" content=\"article\" \/>\n<meta property=\"og:title\" content=\"Contact us - Lainepapist pakendid &amp; pakkematerjalid\u2503CHW O\u00dc\" \/>\n<meta property=\"og:description\" content=\"Contact us CHW O\u00dc Address: Lauda tee, Kohatu K\u00fcla, Harju maakond, EestiRegistration number: 11877166 KMKR: EE101364360 Vahur Herm Tel: +3725155167 E-mail: vahur.herm@chw.ee Icon-phone-call Icon-mail Clelia Herm E-mail: clelia.herm@chw.ee Icon-mail\" \/>\n<meta property=\"og:url\" content=\"https:\/\/chw.ee\/kontakt\/\" \/>\n<meta property=\"og:site_name\" content=\"Lainepapist pakendid &amp; pakkematerjalid\u2503CHW O\u00dc\" \/>\n<meta property=\"article:modified_time\" content=\"2023-11-02T09:01:19+00:00\" \/>\n<meta name=\"twitter:card\" content=\"summary_large_image\" \/>\n<script type=\"application\/ld+json\" class=\"yoast-schema-graph\">{\"@context\":\"https:\/\/schema.org\",\"@graph\":[{\"@type\":\"WebPage\",\"@id\":\"https:\/\/chw.ee\/kontakt\/\",\"url\":\"https:\/\/chw.ee\/kontakt\/\",\"name\":\"Contact us - Lainepapist pakendid &amp; pakkematerjalid\u2503CHW O\u00dc\",\"isPartOf\":{\"@id\":\"https:\/\/chw.ee\/#website\"},\"datePublished\":\"2018-11-26T12:47:06+00:00\",\"dateModified\":\"2023-11-02T09:01:19+00:00\",\"breadcrumb\":{\"@id\":\"https:\/\/chw.ee\/kontakt\/#breadcrumb\"},\"inLanguage\":\"en-US\",\"potentialAction\":[{\"@type\":\"ReadAction\",\"target\":[\"https:\/\/chw.ee\/kontakt\/\"]}]},{\"@type\":\"BreadcrumbList\",\"@id\":\"https:\/\/chw.ee\/kontakt\/#breadcrumb\",\"itemListElement\":[{\"@type\":\"ListItem\",\"position\":1,\"name\":\"Home\",\"item\":\"https:\/\/chw.ee\/\"},{\"@type\":\"ListItem\",\"position\":2,\"name\":\"Contact us\"}]},{\"@type\":\"WebSite\",\"@id\":\"https:\/\/chw.ee\/#website\",\"url\":\"https:\/\/chw.ee\/\",\"name\":\"Lainepapist pakendid &amp; pakkematerjalid\u2503CHW O\u00dc\",\"description\":\"\",\"publisher\":{\"@id\":\"https:\/\/chw.ee\/#organization\"},\"potentialAction\":[{\"@type\":\"SearchAction\",\"target\":{\"@type\":\"EntryPoint\",\"urlTemplate\":\"https:\/\/chw.ee\/?s={search_term_string}\"},\"query-input\":{\"@type\":\"PropertyValueSpecification\",\"valueRequired\":true,\"valueName\":\"search_term_string\"}}],\"inLanguage\":\"en-US\"},{\"@type\":\"Organization\",\"@id\":\"https:\/\/chw.ee\/#organization\",\"name\":\"Lainepapist pakendid &amp; pakkematerjalid\u2503CHW O\u00dc\",\"url\":\"https:\/\/chw.ee\/\",\"logo\":{\"@type\":\"ImageObject\",\"inLanguage\":\"en-US\",\"@id\":\"https:\/\/chw.ee\/#\/schema\/logo\/image\/\",\"url\":\"https:\/\/chw.ee\/wp-content\/uploads\/2023\/10\/cropped-cropped-Black-White-Minimalist-Aesthetic-Initials-Font-Logo-1.png\",\"contentUrl\":\"https:\/\/chw.ee\/wp-content\/uploads\/2023\/10\/cropped-cropped-Black-White-Minimalist-Aesthetic-Initials-Font-Logo-1.png\",\"width\":500,\"height\":166,\"caption\":\"Lainepapist pakendid &amp; pakkematerjalid\u2503CHW O\u00dc\"},\"image\":{\"@id\":\"https:\/\/chw.ee\/#\/schema\/logo\/image\/\"}}]}<\/script>\n<!-- \/ Yoast SEO plugin. -->","yoast_head_json":{"title":"Contact us - Lainepapist pakendid &amp; pakkematerjalid\u2503CHW O\u00dc","robots":{"index":"index","follow":"follow","max-snippet":"max-snippet:-1","max-image-preview":"max-image-preview:large","max-video-preview":"max-video-preview:-1"},"canonical":"https:\/\/chw.ee\/kontakt\/","og_locale":"en_US","og_type":"article","og_title":"Contact us - Lainepapist pakendid &amp; pakkematerjalid\u2503CHW O\u00dc","og_description":"Contact us CHW O\u00dc Address: Lauda tee, Kohatu K\u00fcla, Harju maakond, EestiRegistration number: 11877166 KMKR: EE101364360 Vahur Herm Tel: +3725155167 E-mail: vahur.herm@chw.ee Icon-phone-call Icon-mail Clelia Herm E-mail: clelia.herm@chw.ee Icon-mail","og_url":"https:\/\/chw.ee\/kontakt\/","og_site_name":"Lainepapist pakendid &amp; pakkematerjalid\u2503CHW O\u00dc","article_modified_time":"2023-11-02T09:01:19+00:00","twitter_card":"summary_large_image","schema":{"@context":"https:\/\/schema.org","@graph":[{"@type":"WebPage","@id":"https:\/\/chw.ee\/kontakt\/","url":"https:\/\/chw.ee\/kontakt\/","name":"Contact us - Lainepapist pakendid &amp; pakkematerjalid\u2503CHW O\u00dc","isPartOf":{"@id":"https:\/\/chw.ee\/#website"},"datePublished":"2018-11-26T12:47:06+00:00","dateModified":"2023-11-02T09:01:19+00:00","breadcrumb":{"@id":"https:\/\/chw.ee\/kontakt\/#breadcrumb"},"inLanguage":"en-US","potentialAction":[{"@type":"ReadAction","target":["https:\/\/chw.ee\/kontakt\/"]}]},{"@type":"BreadcrumbList","@id":"https:\/\/chw.ee\/kontakt\/#breadcrumb","itemListElement":[{"@type":"ListItem","position":1,"name":"Home","item":"https:\/\/chw.ee\/"},{"@type":"ListItem","position":2,"name":"Contact us"}]},{"@type":"WebSite","@id":"https:\/\/chw.ee\/#website","url":"https:\/\/chw.ee\/","name":"Lainepapist pakendid &amp; pakkematerjalid\u2503CHW O\u00dc","description":"","publisher":{"@id":"https:\/\/chw.ee\/#organization"},"potentialAction":[{"@type":"SearchAction","target":{"@type":"EntryPoint","urlTemplate":"https:\/\/chw.ee\/?s={search_term_string}"},"query-input":{"@type":"PropertyValueSpecification","valueRequired":true,"valueName":"search_term_string"}}],"inLanguage":"en-US"},{"@type":"Organization","@id":"https:\/\/chw.ee\/#organization","name":"Lainepapist pakendid &amp; pakkematerjalid\u2503CHW O\u00dc","url":"https:\/\/chw.ee\/","logo":{"@type":"ImageObject","inLanguage":"en-US","@id":"https:\/\/chw.ee\/#\/schema\/logo\/image\/","url":"https:\/\/chw.ee\/wp-content\/uploads\/2023\/10\/cropped-cropped-Black-White-Minimalist-Aesthetic-Initials-Font-Logo-1.png","contentUrl":"https:\/\/chw.ee\/wp-content\/uploads\/2023\/10\/cropped-cropped-Black-White-Minimalist-Aesthetic-Initials-Font-Logo-1.png","width":500,"height":166,"caption":"Lainepapist pakendid &amp; pakkematerjalid\u2503CHW O\u00dc"},"image":{"@id":"https:\/\/chw.ee\/#\/schema\/logo\/image\/"}}]}},"_links":{"self":[{"href":"https:\/\/chw.ee\/en\/wp-json\/wp\/v2\/pages\/3189","targetHints":{"allow":["GET"]}}],"collection":[{"href":"https:\/\/chw.ee\/en\/wp-json\/wp\/v2\/pages"}],"about":[{"href":"https:\/\/chw.ee\/en\/wp-json\/wp\/v2\/types\/page"}],"author":[{"embeddable":true,"href":"https:\/\/chw.ee\/en\/wp-json\/wp\/v2\/users\/1"}],"replies":[{"embeddable":true,"href":"https:\/\/chw.ee\/en\/wp-json\/wp\/v2\/comments?post=3189"}],"version-history":[{"count":5,"href":"https:\/\/chw.ee\/en\/wp-json\/wp\/v2\/pages\/3189\/revisions"}],"predecessor-version":[{"id":4655,"href":"https:\/\/chw.ee\/en\/wp-json\/wp\/v2\/pages\/3189\/revisions\/4655"}],"wp:attachment":[{"href":"https:\/\/chw.ee\/en\/wp-json\/wp\/v2\/media?parent=3189"}],"curies":[{"name":"wp","href":"https:\/\/api.w.org\/{rel}","templated":true}]}}