{"id":3157,"date":"2023-07-12T12:07:05","date_gmt":"2023-07-12T12:07:05","guid":{"rendered":"https:\/\/chw.ee\/useful\/"},"modified":"2024-02-02T12:58:34","modified_gmt":"2024-02-02T12:58:34","slug":"useful","status":"publish","type":"page","link":"https:\/\/chw.ee\/en\/useful\/","title":{"rendered":"Useful information"},"content":{"rendered":"\t\t<div data-elementor-type=\"wp-page\" data-elementor-id=\"3157\" class=\"elementor elementor-3157 elementor-2\">\n\t\t\t\t\t\t<section class=\"elementor-section elementor-top-section elementor-element elementor-element-3bbe740 elementor-section-boxed elementor-section-height-default elementor-section-height-default exad-glass-effect-no exad-sticky-section-no\" data-id=\"3bbe740\" data-element_type=\"section\" data-e-type=\"section\">\n\t\t\t\t\t\t<div class=\"elementor-container elementor-column-gap-default\">\n\t\t\t\t\t<div class=\"elementor-column elementor-col-100 elementor-top-column elementor-element elementor-element-eaebdfb exad-glass-effect-no exad-sticky-section-no\" data-id=\"eaebdfb\" data-element_type=\"column\" data-e-type=\"column\">\n\t\t\t<div class=\"elementor-widget-wrap elementor-element-populated\">\n\t\t\t\t\t\t<div class=\"elementor-element elementor-element-d21311a exad-sticky-section-no exad-glass-effect-no elementor-widget elementor-widget-qi_addons_for_elementor_blog_list\" data-id=\"d21311a\" data-element_type=\"widget\" data-e-type=\"widget\" data-widget_type=\"qi_addons_for_elementor_blog_list.default\">\n\t\t\t\t<div class=\"elementor-widget-container\">\n\t\t\t\t\t<div class=\"qodef-shortcode qodef-m qodef-addons-blog-list qodef-info-no-icons qodef-image--hover-zoom qodef-qi-grid qodef-layout--qi-columns qodef-col-num--3 qodef-item-layout--boxed qodef-responsive--predefined\" >\n\t<div class=\"qodef-grid-inner\">\n\t\t<article class=\"qodef-e qodef-blog-item qodef-grid-item qodef-item--full post-4963 post type-post status-publish format-standard has-post-thumbnail hentry category-packaging-and-logistics\">\n\t<div class=\"qodef-e-inner\">\n\t\t<div class=\"qodef-e-media-holder\">\n\t\t\t<div class=\"qodef-e-media\">\n\t\t<div class=\"qodef-e-media-image\">\n\t\t<a itemprop=\"url\" href=\"https:\/\/chw.ee\/en\/discover-why-paper-tape-is-the-best-choice-for-your-business\/\">\n\t\t\t<img fetchpriority=\"high\" decoding=\"async\" width=\"1920\" height=\"2560\" src=\"https:\/\/chw.ee\/wp-content\/uploads\/2024\/01\/tempImage7nACXJ-scaled.jpg\" class=\"attachment-full size-full\" alt=\"Paberteip\" srcset=\"https:\/\/chw.ee\/wp-content\/uploads\/2024\/01\/tempImage7nACXJ-scaled.jpg 1920w, https:\/\/chw.ee\/wp-content\/uploads\/2024\/01\/tempImage7nACXJ-225x300.jpg 225w, https:\/\/chw.ee\/wp-content\/uploads\/2024\/01\/tempImage7nACXJ-768x1024.jpg 768w, https:\/\/chw.ee\/wp-content\/uploads\/2024\/01\/tempImage7nACXJ-1152x1536.jpg 1152w, https:\/\/chw.ee\/wp-content\/uploads\/2024\/01\/tempImage7nACXJ-1536x2048.jpg 1536w\" sizes=\"(max-width: 1920px) 100vw, 1920px\" \/>\t\t<\/a>\n\t\t\t<\/div>\n<\/div>\n\t\t<\/div>\n\t\t<div class=\"qodef-e-content\">\n\t\t\t\t\t\t<div class=\"qodef-e-text\">\n\t\t\t\t<h5 itemprop=\"name\" class=\"qodef-e-title entry-title\">\n\t<a itemprop=\"url\" class=\"qodef-e-title-link\" href=\"https:\/\/chw.ee\/en\/discover-why-paper-tape-is-the-best-choice-for-your-business\/\">\n\t\tPaper Tape: The Best Choice for Your Business [+Eco-Friendly Future]\t<\/a>\n<\/h5>\n\t\t<p itemprop=\"description\" class=\"qodef-e-excerpt\">\n\t\t\tThe trend towards more environmentally friendly packaging solutions is gaining momentum, prompting companies to find ways to reduce their carbon footprint and support green initiat\t\t<\/p>\n\t\t\t\t<\/div>\n\t\t\t\t\t\t\t<div class=\"qodef-e-info qodef-info--bottom\">\n\t\t\t\t\t\t<div class=\"qodef-e-read-more\">\n\t\t<a class=\"qodef-shortcode qodef-m qodef-qi-button qodef-html--link qodef-layout--filled qodef-type--standard qodef-icon--right qodef-hover--icon-move-horizontal-short\" href=\"https:\/\/chw.ee\/en\/discover-why-paper-tape-is-the-best-choice-for-your-business\/\" target=\"_self\">\t<span class=\"qodef-m-text\">Read more<\/span>\t<\/a>\t<\/div>\n\t\t\t\t<\/div>\n\t\t\t\t\t<\/div>\n\t<\/div>\n<\/article>\n<article class=\"qodef-e qodef-blog-item qodef-grid-item qodef-item--full post-4974 post type-post status-publish format-standard has-post-thumbnail hentry category-packaging-and-logistics\">\n\t<div class=\"qodef-e-inner\">\n\t\t<div class=\"qodef-e-media-holder\">\n\t\t\t<div class=\"qodef-e-media\">\n\t\t<div class=\"qodef-e-media-image\">\n\t\t<a itemprop=\"url\" href=\"https:\/\/chw.ee\/en\/honeycomb-paper-an-environmentally-friendly-packaging-option-that-saves-costs-and-reduces-waste\/\">\n\t\t\t<img decoding=\"async\" width=\"1920\" height=\"2560\" src=\"https:\/\/chw.ee\/wp-content\/uploads\/2023\/10\/tempImage0DkOaX-scaled.jpg\" class=\"attachment-full size-full\" alt=\"k\u00e4rgpaber \/ t\u00e4itematerjal\" srcset=\"https:\/\/chw.ee\/wp-content\/uploads\/2023\/10\/tempImage0DkOaX-scaled.jpg 1920w, https:\/\/chw.ee\/wp-content\/uploads\/2023\/10\/tempImage0DkOaX-225x300.jpg 225w, https:\/\/chw.ee\/wp-content\/uploads\/2023\/10\/tempImage0DkOaX-768x1024.jpg 768w, https:\/\/chw.ee\/wp-content\/uploads\/2023\/10\/tempImage0DkOaX-1152x1536.jpg 1152w, https:\/\/chw.ee\/wp-content\/uploads\/2023\/10\/tempImage0DkOaX-1536x2048.jpg 1536w\" sizes=\"(max-width: 1920px) 100vw, 1920px\" \/>\t\t<\/a>\n\t\t\t<\/div>\n<\/div>\n\t\t<\/div>\n\t\t<div class=\"qodef-e-content\">\n\t\t\t\t\t\t<div class=\"qodef-e-text\">\n\t\t\t\t<h5 itemprop=\"name\" class=\"qodef-e-title entry-title\">\n\t<a itemprop=\"url\" class=\"qodef-e-title-link\" href=\"https:\/\/chw.ee\/en\/honeycomb-paper-an-environmentally-friendly-packaging-option-that-saves-costs-and-reduces-waste\/\">\n\t\tHoneycomb Paper &#8211; Save Costs and Reduce Waste\t<\/a>\n<\/h5>\n\t\t<p itemprop=\"description\" class=\"qodef-e-excerpt\">\n\t\t\tWe live in an era where environmental sustainability has become a paramount priority for both businesses and consumers. Finding environmentally friendly packaging solutions has bec\t\t<\/p>\n\t\t\t\t<\/div>\n\t\t\t\t\t\t\t<div class=\"qodef-e-info qodef-info--bottom\">\n\t\t\t\t\t\t<div class=\"qodef-e-read-more\">\n\t\t<a class=\"qodef-shortcode qodef-m qodef-qi-button qodef-html--link qodef-layout--filled qodef-type--standard qodef-icon--right qodef-hover--icon-move-horizontal-short\" href=\"https:\/\/chw.ee\/en\/honeycomb-paper-an-environmentally-friendly-packaging-option-that-saves-costs-and-reduces-waste\/\" target=\"_self\">\t<span class=\"qodef-m-text\">Read more<\/span>\t<\/a>\t<\/div>\n\t\t\t\t<\/div>\n\t\t\t\t\t<\/div>\n\t<\/div>\n<\/article>\n<article class=\"qodef-e qodef-blog-item qodef-grid-item qodef-item--full post-4817 post type-post status-publish format-standard has-post-thumbnail hentry category-packaging-and-logistics\">\n\t<div class=\"qodef-e-inner\">\n\t\t<div class=\"qodef-e-media-holder\">\n\t\t\t<div class=\"qodef-e-media\">\n\t\t<div class=\"qodef-e-media-image\">\n\t\t<a itemprop=\"url\" href=\"https:\/\/chw.ee\/en\/honeycomb-cardboards-vs-styrofoam-what-is-the-better-choice-for-packaging\/\">\n\t\t\t<img decoding=\"async\" width=\"1920\" height=\"2560\" src=\"https:\/\/chw.ee\/wp-content\/uploads\/2023\/10\/tempImageaivw4F-scaled.jpg\" class=\"attachment-full size-full\" alt=\"k\u00e4rgpaneel\" srcset=\"https:\/\/chw.ee\/wp-content\/uploads\/2023\/10\/tempImageaivw4F-scaled.jpg 1920w, https:\/\/chw.ee\/wp-content\/uploads\/2023\/10\/tempImageaivw4F-225x300.jpg 225w, https:\/\/chw.ee\/wp-content\/uploads\/2023\/10\/tempImageaivw4F-768x1024.jpg 768w, https:\/\/chw.ee\/wp-content\/uploads\/2023\/10\/tempImageaivw4F-1152x1536.jpg 1152w, https:\/\/chw.ee\/wp-content\/uploads\/2023\/10\/tempImageaivw4F-1536x2048.jpg 1536w\" sizes=\"(max-width: 1920px) 100vw, 1920px\" \/>\t\t<\/a>\n\t\t\t<\/div>\n<\/div>\n\t\t<\/div>\n\t\t<div class=\"qodef-e-content\">\n\t\t\t\t\t\t<div class=\"qodef-e-text\">\n\t\t\t\t<h5 itemprop=\"name\" class=\"qodef-e-title entry-title\">\n\t<a itemprop=\"url\" class=\"qodef-e-title-link\" href=\"https:\/\/chw.ee\/en\/honeycomb-cardboards-vs-styrofoam-what-is-the-better-choice-for-packaging\/\">\n\t\tHoneycomb cardboard vs Foam: Which is the better choice for packaging?\t<\/a>\n<\/h5>\n\t\t<p itemprop=\"description\" class=\"qodef-e-excerpt\">\n\t\t\tRecently, companies have been paying more attention to reducing their ecological footprint through the choice of environmentally friendly packaging materials. One such material tha\t\t<\/p>\n\t\t\t\t<\/div>\n\t\t\t\t\t\t\t<div class=\"qodef-e-info qodef-info--bottom\">\n\t\t\t\t\t\t<div class=\"qodef-e-read-more\">\n\t\t<a class=\"qodef-shortcode qodef-m qodef-qi-button qodef-html--link qodef-layout--filled qodef-type--standard qodef-icon--right qodef-hover--icon-move-horizontal-short\" href=\"https:\/\/chw.ee\/en\/honeycomb-cardboards-vs-styrofoam-what-is-the-better-choice-for-packaging\/\" target=\"_self\">\t<span class=\"qodef-m-text\">Read more<\/span>\t<\/a>\t<\/div>\n\t\t\t\t<\/div>\n\t\t\t\t\t<\/div>\n\t<\/div>\n<\/article>\n<article class=\"qodef-e qodef-blog-item qodef-grid-item qodef-item--full post-3301 post type-post status-publish format-standard has-post-thumbnail hentry category-packaging-and-logistics\">\n\t<div class=\"qodef-e-inner\">\n\t\t<div class=\"qodef-e-media-holder\">\n\t\t\t<div class=\"qodef-e-media\">\n\t\t<div class=\"qodef-e-media-image\">\n\t\t<a itemprop=\"url\" href=\"https:\/\/chw.ee\/en\/corrugated-boxes-pinnacle-of-packaging-world-2023\/\">\n\t\t\t<img loading=\"lazy\" decoding=\"async\" width=\"1920\" height=\"2560\" src=\"https:\/\/chw.ee\/wp-content\/uploads\/2023\/10\/tempImage8pjFbw-scaled.jpg\" class=\"attachment-full size-full\" alt=\"mis on lainepappkast?\" srcset=\"https:\/\/chw.ee\/wp-content\/uploads\/2023\/10\/tempImage8pjFbw-scaled.jpg 1920w, https:\/\/chw.ee\/wp-content\/uploads\/2023\/10\/tempImage8pjFbw-225x300.jpg 225w, https:\/\/chw.ee\/wp-content\/uploads\/2023\/10\/tempImage8pjFbw-768x1024.jpg 768w, https:\/\/chw.ee\/wp-content\/uploads\/2023\/10\/tempImage8pjFbw-1152x1536.jpg 1152w, https:\/\/chw.ee\/wp-content\/uploads\/2023\/10\/tempImage8pjFbw-1536x2048.jpg 1536w\" sizes=\"(max-width: 1920px) 100vw, 1920px\" \/>\t\t<\/a>\n\t\t\t<\/div>\n<\/div>\n\t\t<\/div>\n\t\t<div class=\"qodef-e-content\">\n\t\t\t\t\t\t<div class=\"qodef-e-text\">\n\t\t\t\t<h5 itemprop=\"name\" class=\"qodef-e-title entry-title\">\n\t<a itemprop=\"url\" class=\"qodef-e-title-link\" href=\"https:\/\/chw.ee\/en\/corrugated-boxes-pinnacle-of-packaging-world-2023\/\">\n\t\tCorrugated Boxes: The Pinnacle of the Packaging World (2024\t<\/a>\n<\/h5>\n\t\t<p itemprop=\"description\" class=\"qodef-e-excerpt\">\n\t\t\tLainepappkastid on oluline osa pakendamisest, mis tagab toote turustamise ja ohutu kohaletoimetamise. A packaging solution that always stands out for its reliability and efficiency\t\t<\/p>\n\t\t\t\t<\/div>\n\t\t\t\t\t\t\t<div class=\"qodef-e-info qodef-info--bottom\">\n\t\t\t\t\t\t<div class=\"qodef-e-read-more\">\n\t\t<a class=\"qodef-shortcode qodef-m qodef-qi-button qodef-html--link qodef-layout--filled qodef-type--standard qodef-icon--right qodef-hover--icon-move-horizontal-short\" href=\"https:\/\/chw.ee\/en\/corrugated-boxes-pinnacle-of-packaging-world-2023\/\" target=\"_self\">\t<span class=\"qodef-m-text\">Read more<\/span>\t<\/a>\t<\/div>\n\t\t\t\t<\/div>\n\t\t\t\t\t<\/div>\n\t<\/div>\n<\/article>\n\t<\/div>\n\t<\/div>\n\t\t\t\t<\/div>\n\t\t\t\t<\/div>\n\t\t\t\t\t<\/div>\n\t\t<\/div>\n\t\t\t\t\t<\/div>\n\t\t<\/section>\n\t\t\t\t<\/div>\n\t\t","protected":false},"excerpt":{"rendered":"<p>Avasta, miks paberteip on Sinu ettev\u00f5ttele parim valik! Keskkonnas\u00f5bralikumate pakendilahenduste suundumus on \u00fcha enam esile t\u00f5usmas, pannes ettev\u00f5tteid otsima viise, kuidas oma jalaj\u00e4lge v\u00e4hendada ja toetada rohelisi algatusi. \u00dc Read more K\u00e4rgpaber \u2013 Keskkonnas\u00f5bralik pakendamise valik, mis s\u00e4\u00e4stab kulusid ja v\u00e4hendab j\u00e4\u00e4tmeid Elame ajastul, kus keskkonnas\u00e4\u00e4stlikkus on kujunenud ettev\u00f5tetele ja tarbijatele \u00fclimalt oluliseks prioriteediks. Keskkonnas\u00f5bralike [&hellip;]<\/p>\n","protected":false},"author":1,"featured_media":2887,"parent":0,"menu_order":0,"comment_status":"closed","ping_status":"open","template":"","meta":{"site-sidebar-layout":"no-sidebar","site-content-layout":"content-boxed-container","ast-site-content-layout":"default","site-content-style":"default","site-sidebar-style":"default","ast-global-header-display":"","ast-banner-title-visibility":"","ast-main-header-display":"","ast-hfb-above-header-display":"","ast-hfb-below-header-display":"","ast-hfb-mobile-header-display":"","site-post-title":"disabled","ast-breadcrumbs-content":"","ast-featured-img":"disabled","footer-sml-layout":"","ast-disable-related-posts":"","theme-transparent-header-meta":"enabled","adv-header-id-meta":"","stick-header-meta":"default","header-above-stick-meta":"","header-main-stick-meta":"","header-below-stick-meta":"","astra-migrate-meta-layouts":"default","ast-page-background-enabled":"default","ast-page-background-meta":{"desktop":{"background-color":"var(--ast-global-color-4)","background-image":"","background-repeat":"repeat","background-position":"center center","background-size":"auto","background-attachment":"scroll","background-type":"","background-media":"","overlay-type":"","overlay-color":"","overlay-opacity":"","overlay-gradient":""},"tablet":{"background-color":"","background-image":"","background-repeat":"repeat","background-position":"center center","background-size":"auto","background-attachment":"scroll","background-type":"","background-media":"","overlay-type":"","overlay-color":"","overlay-opacity":"","overlay-gradient":""},"mobile":{"background-color":"","background-image":"","background-repeat":"repeat","background-position":"center center","background-size":"auto","background-attachment":"scroll","background-type":"","background-media":"","overlay-type":"","overlay-color":"","overlay-opacity":"","overlay-gradient":""}},"ast-content-background-meta":{"desktop":{"background-color":"var(--ast-global-color-5)","background-image":"","background-repeat":"repeat","background-position":"center center","background-size":"auto","background-attachment":"scroll","background-type":"","background-media":"","overlay-type":"","overlay-color":"","overlay-opacity":"","overlay-gradient":""},"tablet":{"background-color":"var(--ast-global-color-5)","background-image":"","background-repeat":"repeat","background-position":"center center","background-size":"auto","background-attachment":"scroll","background-type":"","background-media":"","overlay-type":"","overlay-color":"","overlay-opacity":"","overlay-gradient":""},"mobile":{"background-color":"var(--ast-global-color-5)","background-image":"","background-repeat":"repeat","background-position":"center center","background-size":"auto","background-attachment":"scroll","background-type":"","background-media":"","overlay-type":"","overlay-color":"","overlay-opacity":"","overlay-gradient":""}},"footnotes":""},"class_list":["post-3157","page","type-page","status-publish","has-post-thumbnail","hentry"],"yoast_head":"<!-- This site is optimized with the Yoast SEO plugin v27.1.1 - https:\/\/yoast.com\/product\/yoast-seo-wordpress\/ -->\n<title>Useful information - Lainepapist pakendid &amp; pakkematerjalid\u2503CHW O\u00dc<\/title>\n<meta name=\"description\" content=\"Packaging is an essential part of product marketing and safe delivery. A packaging solution that always stands out for its reliability and efficiency is corrugated cardboard boxes.\" \/>\n<meta name=\"robots\" content=\"index, follow, max-snippet:-1, max-image-preview:large, max-video-preview:-1\" \/>\n<link rel=\"canonical\" href=\"https:\/\/chw.ee\/en\/useful\/\" \/>\n<meta property=\"og:locale\" content=\"en_US\" \/>\n<meta property=\"og:type\" content=\"article\" \/>\n<meta property=\"og:title\" content=\"Useful information - Lainepapist pakendid &amp; pakkematerjalid\u2503CHW O\u00dc\" \/>\n<meta property=\"og:description\" content=\"Packaging is an essential part of product marketing and safe delivery. A packaging solution that always stands out for its reliability and efficiency is corrugated cardboard boxes.\" \/>\n<meta property=\"og:url\" content=\"https:\/\/chw.ee\/en\/useful\/\" \/>\n<meta property=\"og:site_name\" content=\"Lainepapist pakendid &amp; pakkematerjalid\u2503CHW O\u00dc\" \/>\n<meta property=\"article:modified_time\" content=\"2024-02-02T12:58:34+00:00\" \/>\n<meta property=\"og:image\" content=\"https:\/\/chw.ee\/wp-content\/uploads\/2023\/10\/tempImageceo0Pj-scaled.jpg\" \/>\n\t<meta property=\"og:image:width\" content=\"1920\" \/>\n\t<meta property=\"og:image:height\" content=\"2560\" \/>\n\t<meta property=\"og:image:type\" content=\"image\/jpeg\" \/>\n<meta name=\"twitter:card\" content=\"summary_large_image\" \/>\n<meta name=\"twitter:label1\" content=\"Est. reading time\" \/>\n\t<meta name=\"twitter:data1\" content=\"1 minute\" \/>\n<script type=\"application\/ld+json\" class=\"yoast-schema-graph\">{\"@context\":\"https:\/\/schema.org\",\"@graph\":[{\"@type\":\"WebPage\",\"@id\":\"https:\/\/chw.ee\/en\/useful\/\",\"url\":\"https:\/\/chw.ee\/en\/useful\/\",\"name\":\"Useful information - Lainepapist pakendid &amp; pakkematerjalid\u2503CHW O\u00dc\",\"isPartOf\":{\"@id\":\"https:\/\/chw.ee\/#website\"},\"primaryImageOfPage\":{\"@id\":\"https:\/\/chw.ee\/en\/useful\/#primaryimage\"},\"image\":{\"@id\":\"https:\/\/chw.ee\/en\/useful\/#primaryimage\"},\"thumbnailUrl\":\"https:\/\/chw.ee\/wp-content\/uploads\/2023\/10\/tempImageceo0Pj-scaled.jpg\",\"datePublished\":\"2023-07-12T12:07:05+00:00\",\"dateModified\":\"2024-02-02T12:58:34+00:00\",\"description\":\"Packaging is an essential part of product marketing and safe delivery. A packaging solution that always stands out for its reliability and efficiency is corrugated cardboard boxes.\",\"breadcrumb\":{\"@id\":\"https:\/\/chw.ee\/en\/useful\/#breadcrumb\"},\"inLanguage\":\"en-US\",\"potentialAction\":[{\"@type\":\"ReadAction\",\"target\":[\"https:\/\/chw.ee\/en\/useful\/\"]}]},{\"@type\":\"ImageObject\",\"inLanguage\":\"en-US\",\"@id\":\"https:\/\/chw.ee\/en\/useful\/#primaryimage\",\"url\":\"https:\/\/chw.ee\/wp-content\/uploads\/2023\/10\/tempImageceo0Pj-scaled.jpg\",\"contentUrl\":\"https:\/\/chw.ee\/wp-content\/uploads\/2023\/10\/tempImageceo0Pj-scaled.jpg\",\"width\":1920,\"height\":2560,\"caption\":\"lainepappkast\"},{\"@type\":\"BreadcrumbList\",\"@id\":\"https:\/\/chw.ee\/en\/useful\/#breadcrumb\",\"itemListElement\":[{\"@type\":\"ListItem\",\"position\":1,\"name\":\"Home\",\"item\":\"https:\/\/chw.ee\/\"},{\"@type\":\"ListItem\",\"position\":2,\"name\":\"Useful information\"}]},{\"@type\":\"WebSite\",\"@id\":\"https:\/\/chw.ee\/#website\",\"url\":\"https:\/\/chw.ee\/\",\"name\":\"Lainepapist pakendid &amp; pakkematerjalid\u2503CHW O\u00dc\",\"description\":\"\",\"publisher\":{\"@id\":\"https:\/\/chw.ee\/#organization\"},\"potentialAction\":[{\"@type\":\"SearchAction\",\"target\":{\"@type\":\"EntryPoint\",\"urlTemplate\":\"https:\/\/chw.ee\/?s={search_term_string}\"},\"query-input\":{\"@type\":\"PropertyValueSpecification\",\"valueRequired\":true,\"valueName\":\"search_term_string\"}}],\"inLanguage\":\"en-US\"},{\"@type\":\"Organization\",\"@id\":\"https:\/\/chw.ee\/#organization\",\"name\":\"Lainepapist pakendid &amp; pakkematerjalid\u2503CHW O\u00dc\",\"url\":\"https:\/\/chw.ee\/\",\"logo\":{\"@type\":\"ImageObject\",\"inLanguage\":\"en-US\",\"@id\":\"https:\/\/chw.ee\/#\/schema\/logo\/image\/\",\"url\":\"https:\/\/chw.ee\/wp-content\/uploads\/2023\/10\/cropped-cropped-Black-White-Minimalist-Aesthetic-Initials-Font-Logo-1.png\",\"contentUrl\":\"https:\/\/chw.ee\/wp-content\/uploads\/2023\/10\/cropped-cropped-Black-White-Minimalist-Aesthetic-Initials-Font-Logo-1.png\",\"width\":500,\"height\":166,\"caption\":\"Lainepapist pakendid &amp; pakkematerjalid\u2503CHW O\u00dc\"},\"image\":{\"@id\":\"https:\/\/chw.ee\/#\/schema\/logo\/image\/\"}}]}<\/script>\n<!-- \/ Yoast SEO plugin. -->","yoast_head_json":{"title":"Useful information - Lainepapist pakendid &amp; pakkematerjalid\u2503CHW O\u00dc","description":"Packaging is an essential part of product marketing and safe delivery. A packaging solution that always stands out for its reliability and efficiency is corrugated cardboard boxes.","robots":{"index":"index","follow":"follow","max-snippet":"max-snippet:-1","max-image-preview":"max-image-preview:large","max-video-preview":"max-video-preview:-1"},"canonical":"https:\/\/chw.ee\/en\/useful\/","og_locale":"en_US","og_type":"article","og_title":"Useful information - Lainepapist pakendid &amp; pakkematerjalid\u2503CHW O\u00dc","og_description":"Packaging is an essential part of product marketing and safe delivery. A packaging solution that always stands out for its reliability and efficiency is corrugated cardboard boxes.","og_url":"https:\/\/chw.ee\/en\/useful\/","og_site_name":"Lainepapist pakendid &amp; pakkematerjalid\u2503CHW O\u00dc","article_modified_time":"2024-02-02T12:58:34+00:00","og_image":[{"width":1920,"height":2560,"url":"https:\/\/chw.ee\/wp-content\/uploads\/2023\/10\/tempImageceo0Pj-scaled.jpg","type":"image\/jpeg"}],"twitter_card":"summary_large_image","twitter_misc":{"Est. reading time":"1 minute"},"schema":{"@context":"https:\/\/schema.org","@graph":[{"@type":"WebPage","@id":"https:\/\/chw.ee\/en\/useful\/","url":"https:\/\/chw.ee\/en\/useful\/","name":"Useful information - Lainepapist pakendid &amp; pakkematerjalid\u2503CHW O\u00dc","isPartOf":{"@id":"https:\/\/chw.ee\/#website"},"primaryImageOfPage":{"@id":"https:\/\/chw.ee\/en\/useful\/#primaryimage"},"image":{"@id":"https:\/\/chw.ee\/en\/useful\/#primaryimage"},"thumbnailUrl":"https:\/\/chw.ee\/wp-content\/uploads\/2023\/10\/tempImageceo0Pj-scaled.jpg","datePublished":"2023-07-12T12:07:05+00:00","dateModified":"2024-02-02T12:58:34+00:00","description":"Packaging is an essential part of product marketing and safe delivery. A packaging solution that always stands out for its reliability and efficiency is corrugated cardboard boxes.","breadcrumb":{"@id":"https:\/\/chw.ee\/en\/useful\/#breadcrumb"},"inLanguage":"en-US","potentialAction":[{"@type":"ReadAction","target":["https:\/\/chw.ee\/en\/useful\/"]}]},{"@type":"ImageObject","inLanguage":"en-US","@id":"https:\/\/chw.ee\/en\/useful\/#primaryimage","url":"https:\/\/chw.ee\/wp-content\/uploads\/2023\/10\/tempImageceo0Pj-scaled.jpg","contentUrl":"https:\/\/chw.ee\/wp-content\/uploads\/2023\/10\/tempImageceo0Pj-scaled.jpg","width":1920,"height":2560,"caption":"lainepappkast"},{"@type":"BreadcrumbList","@id":"https:\/\/chw.ee\/en\/useful\/#breadcrumb","itemListElement":[{"@type":"ListItem","position":1,"name":"Home","item":"https:\/\/chw.ee\/"},{"@type":"ListItem","position":2,"name":"Useful information"}]},{"@type":"WebSite","@id":"https:\/\/chw.ee\/#website","url":"https:\/\/chw.ee\/","name":"Lainepapist pakendid &amp; pakkematerjalid\u2503CHW O\u00dc","description":"","publisher":{"@id":"https:\/\/chw.ee\/#organization"},"potentialAction":[{"@type":"SearchAction","target":{"@type":"EntryPoint","urlTemplate":"https:\/\/chw.ee\/?s={search_term_string}"},"query-input":{"@type":"PropertyValueSpecification","valueRequired":true,"valueName":"search_term_string"}}],"inLanguage":"en-US"},{"@type":"Organization","@id":"https:\/\/chw.ee\/#organization","name":"Lainepapist pakendid &amp; pakkematerjalid\u2503CHW O\u00dc","url":"https:\/\/chw.ee\/","logo":{"@type":"ImageObject","inLanguage":"en-US","@id":"https:\/\/chw.ee\/#\/schema\/logo\/image\/","url":"https:\/\/chw.ee\/wp-content\/uploads\/2023\/10\/cropped-cropped-Black-White-Minimalist-Aesthetic-Initials-Font-Logo-1.png","contentUrl":"https:\/\/chw.ee\/wp-content\/uploads\/2023\/10\/cropped-cropped-Black-White-Minimalist-Aesthetic-Initials-Font-Logo-1.png","width":500,"height":166,"caption":"Lainepapist pakendid &amp; pakkematerjalid\u2503CHW O\u00dc"},"image":{"@id":"https:\/\/chw.ee\/#\/schema\/logo\/image\/"}}]}},"_links":{"self":[{"href":"https:\/\/chw.ee\/en\/wp-json\/wp\/v2\/pages\/3157","targetHints":{"allow":["GET"]}}],"collection":[{"href":"https:\/\/chw.ee\/en\/wp-json\/wp\/v2\/pages"}],"about":[{"href":"https:\/\/chw.ee\/en\/wp-json\/wp\/v2\/types\/page"}],"author":[{"embeddable":true,"href":"https:\/\/chw.ee\/en\/wp-json\/wp\/v2\/users\/1"}],"replies":[{"embeddable":true,"href":"https:\/\/chw.ee\/en\/wp-json\/wp\/v2\/comments?post=3157"}],"version-history":[{"count":5,"href":"https:\/\/chw.ee\/en\/wp-json\/wp\/v2\/pages\/3157\/revisions"}],"predecessor-version":[{"id":4985,"href":"https:\/\/chw.ee\/en\/wp-json\/wp\/v2\/pages\/3157\/revisions\/4985"}],"wp:featuredmedia":[{"embeddable":true,"href":"https:\/\/chw.ee\/en\/wp-json\/wp\/v2\/media\/2887"}],"wp:attachment":[{"href":"https:\/\/chw.ee\/en\/wp-json\/wp\/v2\/media?parent=3157"}],"curies":[{"name":"wp","href":"https:\/\/api.w.org\/{rel}","templated":true}]}}